{"id":1856,"date":"2026-03-24T07:10:05","date_gmt":"2026-03-24T06:10:05","guid":{"rendered":"https:\/\/clavel-renovation.fr\/?page_id=1856"},"modified":"2026-04-07T17:11:12","modified_gmt":"2026-04-07T15:11:12","slug":"beton-cire-hyeres","status":"publish","type":"page","link":"https:\/\/clavel-renovation.fr\/en\/beton-cire-hyeres\/","title":{"rendered":"B\u00e9ton cir\u00e9 Hy\u00e8res"},"content":{"rendered":"<div class=\"wp-block-group alignfull is-layout-constrained wp-block-group-is-layout-constrained\">\n<div class=\"wp-block-group alignfull is-layout-constrained wp-block-group-is-layout-constrained\"><div data-spectra-id=\"spectra-4fbe7206\"\tstyle=\"overflow: visible; --spectra-text-color: ast-global-color-5; --spectra-background-color: var(--ast-global-color-7); --spectra-overlay-opacity: 0.5;\" class=\"spectra-is-root-container alignfull spectra-overlay-color spectra-overflow spectra-text-color spectra-background-color spectra-dim-ratio  wp-elements-7f32a35bfdb08f05dc3317dc92f4232c wp-block-spectra-container has-text-color has-ast-global-color-5-color\" data-orientation=\"vertical\"\t>\n\t\n\n<h1 class=\"wp-block-heading has-x-large-font-size\" style=\"text-transform:none\">B\u00e9ton cir\u00e9 \u00e0 Hy\u00e8res \u2013 Salle de bain haut de gamme | Clavel R\u00e9novation<\/h1>\n\n\n\n<p class=\"has-small-font-size\">Vous recherchez un sp\u00e9cialiste du b\u00e9ton cir\u00e9 \u00e0 Hy\u00e8res pour votre salle de bain, votre sol ou vos murs ?<\/p>\n\n\n\n<p class=\"has-small-font-size\">Clavel R\u00e9novation r\u00e9alise des projets sur mesure en b\u00e9ton cir\u00e9 haut de gamme dans tout le secteur de Hy\u00e8res et du Var.<\/p>\n\n<\/div>\n<\/div>\n<\/div>\n\n\n<div data-spectra-id=\"973be38f\"\tstyle=\"overflow: visible;\" class=\"spectra-is-root-container alignfull spectra-overlay-color spectra-overflow wp-block-spectra-container\" data-orientation=\"vertical\"\t>\n\t\n<div data-spectra-id=\"spectra-mgdewjf1-yew8i6\" style=\"overflow: visible\" class=\"spectra-overlay-color spectra-overflow wp-block-spectra-container\" data-orientation=\"vertical\">\n\t\n<div data-spectra-id=\"838f086b\" style=\"overflow: visible\" class=\"spectra-overlay-color spectra-overflow wp-block-spectra-container\" data-orientation=\"vertical\">\n\t\n\n<h2 class=\"wp-block-heading has-x-large-font-size\" style=\"font-style:normal;font-weight:400;text-transform:none\"><br><br>Pourquoi choisir le b\u00e9ton cir\u00e9 ?<\/h2>\n\n\n\n<p class=\"has-default-font-family\" style=\"font-family:Default;font-style:normal;font-weight:100\">Le b\u00e9ton cir\u00e9 est un rev\u00eatement moderne et \u00e9l\u00e9gant, id\u00e9al pour une salle de bain ou une r\u00e9novation int\u00e9rieure compl\u00e8te.<br>Sans joints, il offre un rendu esth\u00e9tique haut de gamme et une grande facilit\u00e9 d\u2019entretien.<br><br><br>Adapt\u00e9 aux sols, murs, douches et plans de travail, le b\u00e9ton cir\u00e9 est une solution durable et personnalisable selon vos envies.<\/p>\n\n\n<div data-spectra-id=\"spectra-mgah37c0-jq06il\" style=\"display: flex;justify-content: flex-start\" class=\"wp-block-spectra-separator spectra-separator-color wp-block-spectra-separator\">\n\t<div class=\"spectra-separator-line\" style=\"margin-right: auto;background-color: var(--ast-global-color-0)\"><\/div>\n<\/div>\n\n\n\n<h2 class=\"wp-block-heading has-x-large-font-size\" style=\"font-style:normal;font-weight:400;text-transform:none\"><br>Votre artisan b\u00e9ton cir\u00e9 \u00e0 Hy\u00e8res<\/h2>\n\n\n\n<p style=\"text-transform:none\">Implant\u00e9e dans le Var, l\u2019entreprise Clavel R\u00e9novation intervient \u00e0 Hy\u00e8res pour des r\u00e9alisations en b\u00e9ton cir\u00e9 sur mesure.<br><br><br>\u2714 Applicateur de b\u00e9ton cir\u00e9 Marius Aurenti<br>\u2714 Finitions haut de gamme<br>\u2714 Accompagnement personnalis\u00e9<br>\u2714 Garantie d\u00e9cennale<br><br><br>Chaque chantier est r\u00e9alis\u00e9 avec soin pour un rendu esth\u00e9tique durable et unique.<\/p>\n\n\n\n<div class=\"wp-block-columns is-layout-flex wp-container-core-columns-is-layout-28f84493 wp-block-columns-is-layout-flex\">\n<div class=\"wp-block-column is-layout-flow wp-block-column-is-layout-flow\" style=\"flex-basis:100%\">\n<div class=\"wp-block-columns is-layout-flex wp-container-core-columns-is-layout-9c22b1e3 wp-block-columns-is-layout-flex\">\n<div class=\"wp-block-column is-layout-flow wp-block-column-is-layout-flow\" style=\"flex-basis:100%\"><\/div>\n<\/div>\n<\/div>\n<\/div>\n\n\n\n<figure data-spectra-id=\"spectra-mn55wxi1-9ktw3a\" class=\"wp-block-image size-large has-custom-border is-style-default\"><img loading=\"lazy\" decoding=\"async\" width=\"768\" height=\"1024\" src=\"https:\/\/clavel-renovation.fr\/wp-content\/uploads\/2026\/03\/salle-de-bain-beton-cire-hyeres-768x1024.jpg\" alt=\"Salle de bain b\u00e9ton cir\u00e9 Hy\u00e8res r\u00e9alis\u00e9e par Clavel R\u00e9novation\" class=\"wp-image-1879\" title=\"B\u00e9ton cir\u00e9 Hy\u00e8res\" srcset=\"https:\/\/clavel-renovation.fr\/wp-content\/uploads\/2026\/03\/salle-de-bain-beton-cire-hyeres-768x1024.jpg 768w, https:\/\/clavel-renovation.fr\/wp-content\/uploads\/2026\/03\/salle-de-bain-beton-cire-hyeres-225x300.jpg 225w, https:\/\/clavel-renovation.fr\/wp-content\/uploads\/2026\/03\/salle-de-bain-beton-cire-hyeres-1152x1536.jpg 1152w, https:\/\/clavel-renovation.fr\/wp-content\/uploads\/2026\/03\/salle-de-bain-beton-cire-hyeres.jpg 1200w\" sizes=\"auto, (max-width: 768px) 100vw, 768px\" \/><figcaption class=\"wp-element-caption\">avant<\/figcaption><\/figure>\n\n\n\n<h2 class=\"wp-block-heading has-x-large-font-size\" style=\"font-style:normal;font-weight:400;text-transform:none\"><br>Nos r\u00e9alisations en b\u00e9ton cir\u00e9 \u00e0 Hy\u00e8res<\/h2>\n\n\n\n<p>Nous r\u00e9alisons diff\u00e9rents types de projets en b\u00e9ton cir\u00e9 \u00e0 Hy\u00e8res :<br><\/p>\n\n\n\n<p>-R\u00e9novation compl\u00e8te int\u00e9rieure<\/p>\n\n\n\n<p>-Salle de bain en b\u00e9ton cir\u00e9<\/p>\n\n\n\n<p>-Douche \u00e0 l\u2019italienne en b\u00e9ton cir\u00e9<\/p>\n\n\n\n<p>-Sols en b\u00e9ton cir\u00e9<\/p>\n\n<\/div>\n\n<\/div>\n\n\n\n<figure class=\"wp-block-gallery has-nested-images columns-default is-cropped wp-block-gallery-1 is-layout-flex wp-block-gallery-is-layout-flex\">\n<figure data-spectra-id=\"spectra-mn55uzht-mnmsgq\" class=\"wp-block-image size-large\"><img loading=\"lazy\" decoding=\"async\" width=\"1024\" height=\"683\" data-id=\"1880\" src=\"https:\/\/clavel-renovation.fr\/wp-content\/uploads\/2026\/03\/vasque-beton-cire-haut-de-gamme-hyeres-1024x683.jpg\" alt=\"Salle de bain design en b\u00e9ton cir\u00e9 blanc avec niche murale et porte bleue r\u00e9alis\u00e9e \u00e0 Hy\u00e8res-les-palmiers, par Clavel R\u00e9novation\" class=\"wp-image-1880\" title=\"B\u00e9ton cir\u00e9 Hy\u00e8res\" srcset=\"https:\/\/clavel-renovation.fr\/wp-content\/uploads\/2026\/03\/vasque-beton-cire-haut-de-gamme-hyeres-1024x683.jpg 1024w, https:\/\/clavel-renovation.fr\/wp-content\/uploads\/2026\/03\/vasque-beton-cire-haut-de-gamme-hyeres-300x200.jpg 300w, https:\/\/clavel-renovation.fr\/wp-content\/uploads\/2026\/03\/vasque-beton-cire-haut-de-gamme-hyeres-768x512.jpg 768w, https:\/\/clavel-renovation.fr\/wp-content\/uploads\/2026\/03\/vasque-beton-cire-haut-de-gamme-hyeres-1536x1025.jpg 1536w, https:\/\/clavel-renovation.fr\/wp-content\/uploads\/2026\/03\/vasque-beton-cire-haut-de-gamme-hyeres.jpg 2048w\" sizes=\"auto, (max-width: 1024px) 100vw, 1024px\" \/><\/figure>\n\n\n\n<figure data-spectra-id=\"spectra-mn55uzhw-5svn1n\" class=\"wp-block-image size-large\"><img loading=\"lazy\" decoding=\"async\" width=\"1024\" height=\"683\" data-id=\"1878\" src=\"https:\/\/clavel-renovation.fr\/wp-content\/uploads\/2026\/03\/niche-murale-beton-cire-salle-de-bain-hyeres-1024x683.jpg\" alt=\"Salle de bain b\u00e9ton cir\u00e9 avec miroir organique et vasque design r\u00e9alis\u00e9e \u00e0 Hy\u00e8res par Clavel R\u00e9novation\" class=\"wp-image-1878\" title=\"B\u00e9ton cir\u00e9 Hy\u00e8res\" srcset=\"https:\/\/clavel-renovation.fr\/wp-content\/uploads\/2026\/03\/niche-murale-beton-cire-salle-de-bain-hyeres-1024x683.jpg 1024w, https:\/\/clavel-renovation.fr\/wp-content\/uploads\/2026\/03\/niche-murale-beton-cire-salle-de-bain-hyeres-300x200.jpg 300w, https:\/\/clavel-renovation.fr\/wp-content\/uploads\/2026\/03\/niche-murale-beton-cire-salle-de-bain-hyeres-768x512.jpg 768w, https:\/\/clavel-renovation.fr\/wp-content\/uploads\/2026\/03\/niche-murale-beton-cire-salle-de-bain-hyeres-1536x1025.jpg 1536w, https:\/\/clavel-renovation.fr\/wp-content\/uploads\/2026\/03\/niche-murale-beton-cire-salle-de-bain-hyeres.jpg 2048w\" sizes=\"auto, (max-width: 1024px) 100vw, 1024px\" \/><\/figure>\n\n\n\n<figure data-spectra-id=\"spectra-mn55uzhz-p7r6p1\" class=\"wp-block-image size-large\"><img loading=\"lazy\" decoding=\"async\" width=\"1024\" height=\"683\" data-id=\"1877\" src=\"https:\/\/clavel-renovation.fr\/wp-content\/uploads\/2026\/03\/lavabo-beton-cire-design-hyeres-1024x683.jpg\" alt=\"Vasque en pierre naturelle avec robinet noir sur meuble b\u00e9ton cir\u00e9 salle de bain Hy\u00e8res par Clavel R\u00e9novation\" class=\"wp-image-1877\" title=\"B\u00e9ton cir\u00e9 Hy\u00e8res\" srcset=\"https:\/\/clavel-renovation.fr\/wp-content\/uploads\/2026\/03\/lavabo-beton-cire-design-hyeres-1024x683.jpg 1024w, https:\/\/clavel-renovation.fr\/wp-content\/uploads\/2026\/03\/lavabo-beton-cire-design-hyeres-300x200.jpg 300w, https:\/\/clavel-renovation.fr\/wp-content\/uploads\/2026\/03\/lavabo-beton-cire-design-hyeres-768x512.jpg 768w, https:\/\/clavel-renovation.fr\/wp-content\/uploads\/2026\/03\/lavabo-beton-cire-design-hyeres-1536x1025.jpg 1536w, https:\/\/clavel-renovation.fr\/wp-content\/uploads\/2026\/03\/lavabo-beton-cire-design-hyeres.jpg 2048w\" sizes=\"auto, (max-width: 1024px) 100vw, 1024px\" \/><\/figure>\n\n\n\n<figure data-spectra-id=\"spectra-mn55uzi2-6kkv7i\" class=\"wp-block-image size-large\"><img loading=\"lazy\" decoding=\"async\" width=\"683\" height=\"1024\" data-id=\"1876\" src=\"https:\/\/clavel-renovation.fr\/wp-content\/uploads\/2026\/03\/douche-italienne-beton-cire-hyeres-683x1024.jpg\" alt=\"Douche en b\u00e9ton cir\u00e9 avec \u00e9clairage LED et niches murales r\u00e9alis\u00e9e \u00e0 Hy\u00e8res par Clavel R\u00e9novation\" class=\"wp-image-1876\" title=\"B\u00e9ton cir\u00e9 Hy\u00e8res\" srcset=\"https:\/\/clavel-renovation.fr\/wp-content\/uploads\/2026\/03\/douche-italienne-beton-cire-hyeres-683x1024.jpg 683w, https:\/\/clavel-renovation.fr\/wp-content\/uploads\/2026\/03\/douche-italienne-beton-cire-hyeres-200x300.jpg 200w, https:\/\/clavel-renovation.fr\/wp-content\/uploads\/2026\/03\/douche-italienne-beton-cire-hyeres-768x1151.jpg 768w, https:\/\/clavel-renovation.fr\/wp-content\/uploads\/2026\/03\/douche-italienne-beton-cire-hyeres-1025x1536.jpg 1025w, https:\/\/clavel-renovation.fr\/wp-content\/uploads\/2026\/03\/douche-italienne-beton-cire-hyeres.jpg 1366w\" sizes=\"auto, (max-width: 683px) 100vw, 683px\" \/><\/figure>\n\n\n\n<figure data-spectra-id=\"spectra-mn55uzi7-mpfzjr\" class=\"wp-block-image size-large\"><img loading=\"lazy\" decoding=\"async\" width=\"683\" height=\"1024\" data-id=\"1875\" src=\"https:\/\/clavel-renovation.fr\/wp-content\/uploads\/2026\/03\/detail-robinet-beton-cire-hyeres-683x1024.jpg\" alt=\"Vasque en pierre avec robinet mural et tablette d\u00e9corative b\u00e9ton cir\u00e9 salle de bain haut de gamme \u00e0 Hy\u00e8res par Clavel R\u00e9novation\" class=\"wp-image-1875\" title=\"B\u00e9ton cir\u00e9 Hy\u00e8res\" srcset=\"https:\/\/clavel-renovation.fr\/wp-content\/uploads\/2026\/03\/detail-robinet-beton-cire-hyeres-683x1024.jpg 683w, https:\/\/clavel-renovation.fr\/wp-content\/uploads\/2026\/03\/detail-robinet-beton-cire-hyeres-200x300.jpg 200w, https:\/\/clavel-renovation.fr\/wp-content\/uploads\/2026\/03\/detail-robinet-beton-cire-hyeres-768x1151.jpg 768w, https:\/\/clavel-renovation.fr\/wp-content\/uploads\/2026\/03\/detail-robinet-beton-cire-hyeres-1025x1536.jpg 1025w, https:\/\/clavel-renovation.fr\/wp-content\/uploads\/2026\/03\/detail-robinet-beton-cire-hyeres.jpg 1366w\" sizes=\"auto, (max-width: 683px) 100vw, 683px\" \/><\/figure>\n<\/figure>\n\n<\/div>\n\n\n<div data-spectra-id=\"961cf092\"\tstyle=\"overflow: visible; --spectra-background-color: #958b8166; --spectra-overlay-opacity: 1;\" class=\"spectra-is-root-container alignfull spectra-overlay-color spectra-overflow spectra-background-color spectra-dim-ratio wp-block-spectra-container\" data-orientation=\"vertical\"\t>\n\t\n<div data-spectra-id=\"spectra-294ac70b-root\" style=\"overflow: visible\" class=\"spectra-overlay-color spectra-overflow wp-block-spectra-container\" data-orientation=\"vertical\">\n\t\n\n<h2 class=\"wp-block-heading has-var-ast-global-color-5-color has-text-color\" style=\"margin-bottom:0;text-transform:none\"><br>Devis b\u00e9ton cir\u00e9 \u00e0 Hy\u00e8res<\/h2>\n\n\n\n<p class=\"has-var-ast-global-color-5-color has-text-color\" style=\"margin-right:0;margin-left:0;padding-top:0;padding-right:0;padding-bottom:0;padding-left:0\">Vous avez un projet de b\u00e9ton cir\u00e9 \u00e0 Hy\u00e8res ou dans les environs ?<br>Contactez Clavel R\u00e9novation pour un devis personnalis\u00e9 et des conseils adapt\u00e9s \u00e0 votre projet.<\/p>\n\n\n<div data-spectra-id=\"spectra-294ac70b-btns\" class=\"wp-block-button spectra-buttons wp-block-spectra-buttons\">\n\t\n<a data-spectra-id=\"spectra-mgap1cnw-tynoz4\" href=\"https:\/\/clavel-renovation.fr\/en\/contact\/\" target=\"_self\" aria-label=\"Demander un devis b\u00e9ton cir\u00e9\" class=\"wp-block-button__link wp-element-button wp-block-spectra-button\">\n<div class=\"spectra-button__link\">Demander un devis b\u00e9ton cir\u00e9<\/div><\/a>\n\n<\/div>\n\n<\/div>\n\n\n\n<p>Clavel R\u00e9novation intervient \u00e9galement \u00e0 La Londe-les-Maures, Carqueiranne, La Crau et dans tout le secteur de Hy\u00e8res.<\/p>\n\n<\/div>\n\n\n\n<p><\/p>","protected":false},"excerpt":{"rendered":"","protected":false},"author":1,"featured_media":0,"parent":0,"menu_order":0,"comment_status":"closed","ping_status":"closed","template":"","meta":{"_uag_custom_page_level_css":"","site-sidebar-layout":"default","site-content-layout":"","ast-site-content-layout":"default","site-content-style":"default","site-sidebar-style":"default","ast-global-header-display":"","ast-banner-title-visibility":"","ast-main-header-display":"","ast-hfb-above-header-display":"","ast-hfb-below-header-display":"","ast-hfb-mobile-header-display":"","site-post-title":"","ast-breadcrumbs-content":"","ast-featured-img":"","footer-sml-layout":"","ast-disable-related-posts":"","theme-transparent-header-meta":"","adv-header-id-meta":"","stick-header-meta":"","header-above-stick-meta":"","header-main-stick-meta":"","header-below-stick-meta":"","astra-migrate-meta-layouts":"set","ast-page-background-enabled":"default","ast-page-background-meta":{"desktop":{"background-color":"","background-image":"","background-repeat":"repeat","background-position":"center center","background-size":"auto","background-attachment":"scroll","background-type":"","background-media":"","overlay-type":"","overlay-color":"","overlay-opacity":"","overlay-gradient":""},"tablet":{"background-color":"","background-image":"","background-repeat":"repeat","background-position":"center center","background-size":"auto","background-attachment":"scroll","background-type":"","background-media":"","overlay-type":"","overlay-color":"","overlay-opacity":"","overlay-gradient":""},"mobile":{"background-color":"","background-image":"","background-repeat":"repeat","background-position":"center center","background-size":"auto","background-attachment":"scroll","background-type":"","background-media":"","overlay-type":"","overlay-color":"","overlay-opacity":"","overlay-gradient":""}},"ast-content-background-meta":{"desktop":{"background-color":"var(--ast-global-color-5)","background-image":"","background-repeat":"repeat","background-position":"center center","background-size":"auto","background-attachment":"scroll","background-type":"","background-media":"","overlay-type":"","overlay-color":"","overlay-opacity":"","overlay-gradient":""},"tablet":{"background-color":"var(--ast-global-color-5)","background-image":"","background-repeat":"repeat","background-position":"center center","background-size":"auto","background-attachment":"scroll","background-type":"","background-media":"","overlay-type":"","overlay-color":"","overlay-opacity":"","overlay-gradient":""},"mobile":{"background-color":"var(--ast-global-color-5)","background-image":"","background-repeat":"repeat","background-position":"center center","background-size":"auto","background-attachment":"scroll","background-type":"","background-media":"","overlay-type":"","overlay-color":"","overlay-opacity":"","overlay-gradient":""}},"footnotes":""},"class_list":["post-1856","page","type-page","status-publish","hentry"],"uagb_featured_image_src":{"full":false,"thumbnail":false,"medium":false,"medium_large":false,"large":false,"1536x1536":false,"2048x2048":false,"trp-custom-language-flag":false},"uagb_author_info":{"display_name":"clavel_admin","author_link":"https:\/\/clavel-renovation.fr\/en\/author\/clavel_admin\/"},"uagb_comment_info":0,"uagb_excerpt":null,"_links":{"self":[{"href":"https:\/\/clavel-renovation.fr\/en\/wp-json\/wp\/v2\/pages\/1856","targetHints":{"allow":["GET"]}}],"collection":[{"href":"https:\/\/clavel-renovation.fr\/en\/wp-json\/wp\/v2\/pages"}],"about":[{"href":"https:\/\/clavel-renovation.fr\/en\/wp-json\/wp\/v2\/types\/page"}],"author":[{"embeddable":true,"href":"https:\/\/clavel-renovation.fr\/en\/wp-json\/wp\/v2\/users\/1"}],"replies":[{"embeddable":true,"href":"https:\/\/clavel-renovation.fr\/en\/wp-json\/wp\/v2\/comments?post=1856"}],"version-history":[{"count":23,"href":"https:\/\/clavel-renovation.fr\/en\/wp-json\/wp\/v2\/pages\/1856\/revisions"}],"predecessor-version":[{"id":2009,"href":"https:\/\/clavel-renovation.fr\/en\/wp-json\/wp\/v2\/pages\/1856\/revisions\/2009"}],"wp:attachment":[{"href":"https:\/\/clavel-renovation.fr\/en\/wp-json\/wp\/v2\/media?parent=1856"}],"curies":[{"name":"wp","href":"https:\/\/api.w.org\/{rel}","templated":true}]}}