{"id":1924,"date":"2026-03-30T07:54:10","date_gmt":"2026-03-30T05:54:10","guid":{"rendered":"https:\/\/clavel-renovation.fr\/?page_id=1924"},"modified":"2026-03-30T07:54:10","modified_gmt":"2026-03-30T05:54:10","slug":"beton-cire-toulon","status":"publish","type":"page","link":"https:\/\/clavel-renovation.fr\/en\/beton-cire-toulon\/","title":{"rendered":"Beton cir\u00e9 toulon"},"content":{"rendered":"<div class=\"wp-block-group alignfull is-layout-constrained wp-block-group-is-layout-constrained\">\n<div class=\"wp-block-group alignfull is-layout-constrained wp-block-group-is-layout-constrained\"><div data-spectra-id=\"spectra-4fbe7206\"\tstyle=\"overflow: visible; --spectra-text-color: ast-global-color-5; --spectra-background-color: var(--ast-global-color-7); --spectra-overlay-opacity: 0.5;\" class=\"spectra-is-root-container alignfull spectra-overlay-color spectra-overflow spectra-text-color spectra-background-color spectra-dim-ratio  wp-elements-5c1bdf459baa6f3d92233e33c246fd56 wp-block-spectra-container has-text-color has-ast-global-color-5-color\" data-orientation=\"vertical\"\t>\n\t\n\n<h1 class=\"wp-block-heading has-x-large-font-size\" style=\"text-transform:none\">B\u00e9ton cir\u00e9 \u00e0 Toulon \u2013 Salle de bain et r\u00e9novation haut de gamme<\/h1>\n\n\n\n<p><\/p>\n\n\n\n<p class=\"has-small-font-size\">Vous recherchez un sp\u00e9cialiste du b\u00e9ton cir\u00e9 \u00e0 Toulon pour votre salle de bain, vos sols ou vos murs ?<\/p>\n\n\n\n<p>Clavel R\u00e9novation r\u00e9alise des projets sur mesure en b\u00e9ton cir\u00e9 haut de gamme dans tout le secteur de Toulon et du Var.<\/p>\n\n\n\n<p class=\"has-small-font-size\">Gr\u00e2ce \u00e0 une mise en \u0153uvre technique rigoureuse et \u00e0 l\u2019utilisation de produits professionnels Marius Aurenti, nous garantissons un rendu esth\u00e9tique durable, sans fissuration et parfaitement adapt\u00e9 \u00e0 votre int\u00e9rieur.<\/p>\n\n<\/div>\n<\/div>\n<\/div>\n\n\n<div data-spectra-id=\"973be38f\"\tstyle=\"overflow: visible;\" class=\"spectra-is-root-container alignfull spectra-overlay-color spectra-overflow wp-block-spectra-container\" data-orientation=\"vertical\"\t>\n\t\n<div data-spectra-id=\"spectra-mgdewjf1-yew8i6\" style=\"overflow: visible\" class=\"spectra-overlay-color spectra-overflow wp-block-spectra-container\" data-orientation=\"vertical\">\n\t\n<div data-spectra-id=\"838f086b\" style=\"overflow: visible\" class=\"spectra-overlay-color spectra-overflow wp-block-spectra-container\" data-orientation=\"vertical\">\n\t\n\n<h2 class=\"wp-block-heading\" style=\"font-size:50px;font-style:normal;font-weight:500;text-transform:none\"><br><br>Pourquoi choisir le b\u00e9ton cir\u00e9 ?<\/h2>\n\n\n\n<p class=\"has-default-font-family\" style=\"font-family:Default;font-style:normal;font-weight:100\">Le b\u00e9ton cir\u00e9 est un rev\u00eatement moderne, esth\u00e9tique et durable, particuli\u00e8rement adapt\u00e9 aux projets de r\u00e9novation haut de gamme.<\/p>\n\n\n\n<p>Sans joints, il permet d\u2019obtenir une surface continue, \u00e9l\u00e9gante et facile d\u2019entretien.<\/p>\n\n\n\n<p class=\"has-default-font-family\" style=\"font-family:Default;font-style:normal;font-weight:100\">Il s\u2019adapte parfaitement aux salles de bain, douches \u00e0 l\u2019italienne, sols et murs.<\/p>\n\n\n<div data-spectra-id=\"spectra-mgah37c0-jq06il\" style=\"display: flex;justify-content: flex-start\" class=\"wp-block-spectra-separator spectra-separator-color wp-block-spectra-separator\">\n\t<div class=\"spectra-separator-line\" style=\"margin-right: auto;background-color: var(--ast-global-color-0)\"><\/div>\n<\/div>\n\n\n\n<h2 class=\"wp-block-heading\" style=\"font-size:50px;font-style:normal;font-weight:500;text-transform:none\"><br>Votre artisan b\u00e9ton cir\u00e9 \u00e0 Toulon<\/h2>\n\n\n\n<p style=\"text-transform:none\">Implant\u00e9e dans le Var, Clavel R\u00e9novation intervient \u00e0 Toulon pour des r\u00e9alisations en b\u00e9ton cir\u00e9 sur mesure.<br><br><br>\u2714 Applicateur de b\u00e9ton cir\u00e9 Marius Aurenti<br>\u2714 Finitions haut de gamme<br>\u2714 Accompagnement personnalis\u00e9<br>\u2714 Garantie d\u00e9cennale<br><br><br>Chaque projet est r\u00e9alis\u00e9 avec soin, dans le respect des r\u00e8gles techniques du b\u00e2timent.<\/p>\n\n\n\n<p><\/p>\n\n\n\n<p><\/p>\n\n\n\n<h2 class=\"wp-block-heading\" style=\"font-size:50px;font-style:normal;font-weight:500;text-transform:none\"><br>Une pr\u00e9paration essentielle pour un r\u00e9sultat durable<\/h2>\n\n\n\n<p><\/p>\n\n\n\n<p><\/p>\n\n\n\n<p>La r\u00e9ussite d\u2019un b\u00e9ton cir\u00e9 d\u00e9pend avant tout de la pr\u00e9paration du support.<\/p>\n\n\n\n<p>Nous r\u00e9alisons syst\u00e9matiquement :<\/p>\n\n\n\n<ul class=\"wp-block-list\">\n<li>pon\u00e7age m\u00e9canique du support<\/li>\n\n\n\n<li>correction des d\u00e9fauts<\/li>\n\n\n\n<li>application d\u2019un primaire adapt\u00e9<\/li>\n\n\n\n<li>application du b\u00e9ton cir\u00e9 en plusieurs couches<\/li>\n\n\n\n<li>Protective coatings and finishing layers<\/li>\n<\/ul>\n\n\n\n<p> Cette \u00e9tape est indispensable pour garantir une parfaite adh\u00e9rence et \u00e9viter toute fissuration.<\/p>\n\n\n\n<p><\/p>\n\n\n\n<p><\/p>\n\n\n\n<p><\/p>\n\n\n\n<h2 class=\"wp-block-heading\" style=\"font-size:50px;font-style:normal;font-weight:500;text-transform:none\"><br>Application sur tous supports<\/h2>\n\n\n\n<p>Le b\u00e9ton cir\u00e9 peut \u00eatre appliqu\u00e9 sur :<\/p>\n\n\n\n<ul class=\"wp-block-list\">\n<li>carrelage existant<\/li>\n\n\n\n<li>chape b\u00e9ton<\/li>\n\n\n\n<li>panneaux Wedi<\/li>\n\n\n\n<li>receveur de douche<\/li>\n\n\n\n<li>anciens rev\u00eatements<\/li>\n\n\n\n<li>ancien plan de travail de cuisine<\/li>\n<\/ul>\n\n\n\n<p>Chaque support est analys\u00e9 pour adapter la technique de mise en \u0153uvre.<\/p>\n\n\n\n<h2 class=\"wp-block-heading\" style=\"font-size:50px;font-style:normal;font-weight:500;text-transform:none\"><br>Prix du b\u00e9ton cir\u00e9 \u00e0 Toulon<\/h2>\n\n\n\n<div class=\"wp-block-group is-layout-constrained wp-block-group-is-layout-constrained\">\n<div class=\"wp-block-group is-layout-constrained wp-block-group-is-layout-constrained\">\n<p>Le prix d\u00e9pend de plusieurs crit\u00e8res :<br><br>\u00e9tat du support<br>surface<br>complexit\u00e9 du chantier<br>type d\u2019application<br><br><br><br>En moyenne, le tarif se situe entre&nbsp;110 \u20ac et 180 \u20ac HT \/ m\u00b2, en fonction de la pr\u00e9paration du support, de la surface et des finitions souhait\u00e9es;<br><br><br><br>Chaque projet \u00e9tant unique, un devis pr\u00e9cis est r\u00e9alis\u00e9 apr\u00e8s visite du chantier.<\/p>\n<\/div>\n<\/div>\n\n\n\n<div class=\"wp-block-columns is-layout-flex wp-container-core-columns-is-layout-28f84493 wp-block-columns-is-layout-flex\">\n<div class=\"wp-block-column is-layout-flow wp-block-column-is-layout-flow\" style=\"flex-basis:100%\">\n<div class=\"wp-block-columns is-layout-flex wp-container-core-columns-is-layout-9c22b1e3 wp-block-columns-is-layout-flex\">\n<div class=\"wp-block-column is-layout-flow wp-block-column-is-layout-flow\" style=\"flex-basis:100%\"><\/div>\n<\/div>\n<\/div>\n<\/div>\n\n\n\n<h2 class=\"wp-block-heading\" style=\"font-size:50px;font-style:normal;font-weight:500;text-transform:none\"><br>Nos r\u00e9alisations \u00e0 Toulon<\/h2>\n\n\n\n<p><\/p>\n\n\n\n<p>Nous r\u00e9alisons diff\u00e9rents types de projets :<br><br>-salles de bain en b\u00e9ton cir\u00e9<br>-douches \u00e0 l\u2019italienne<br>-sols et murs<br>-r\u00e9novation int\u00e9rieure compl\u00e8te<br><br><br><br>Chaque chantier est unique et con\u00e7u sur mesure.<\/p>\n\n\n\n<p><\/p>\n\n\n\n<p><\/p>\n\n\n\n<p><\/p>\n\n\n\n<p><\/p>\n\n\n\n<p><\/p>\n\n\n\n<figure data-spectra-id=\"spectra-mn55wxi1-9ktw3a\" class=\"wp-block-image size-large has-custom-border is-style-default\"><img loading=\"lazy\" decoding=\"async\" width=\"768\" height=\"1024\" src=\"https:\/\/clavel-renovation.fr\/wp-content\/uploads\/2026\/03\/IMG_5674-768x1024.jpeg\" alt=\"b\u00e9ton cir\u00e9 terrasse avec vue mer r\u00e9novation haut de gamme Toulon Var\" class=\"wp-image-1974\" title=\"Beton cir\u00e9 toulon\" srcset=\"https:\/\/clavel-renovation.fr\/wp-content\/uploads\/2026\/03\/IMG_5674-768x1024.jpeg 768w, https:\/\/clavel-renovation.fr\/wp-content\/uploads\/2026\/03\/IMG_5674-225x300.jpeg 225w, https:\/\/clavel-renovation.fr\/wp-content\/uploads\/2026\/03\/IMG_5674-1152x1536.jpeg 1152w, https:\/\/clavel-renovation.fr\/wp-content\/uploads\/2026\/03\/IMG_5674-1536x2048.jpeg 1536w, https:\/\/clavel-renovation.fr\/wp-content\/uploads\/2026\/03\/IMG_5674-scaled.jpeg 1920w\" sizes=\"auto, (max-width: 768px) 100vw, 768px\" \/><\/figure>\n\n\n\n<p><\/p>\n\n\n\n<p><\/p>\n\n\n\n<p><\/p>\n\n\n\n<h2 class=\"wp-block-heading\" style=\"font-size:50px;text-transform:none\"><br>&nbsp;FAQ b\u00e9ton cir\u00e9 Toulon<\/h2>\n\n\n\n<h3 class=\"wp-block-heading\" style=\"font-size:30px;font-style:normal;font-weight:400;text-transform:none\"><br>Peut-on appliquer du b\u00e9ton cir\u00e9 sur du carrelage ?<\/h3>\n\n\n\n<p><em><strong>Oui<\/strong>, le b\u00e9ton cir\u00e9 peut \u00eatre appliqu\u00e9 sur du carrelage existant, \u00e0 condition de respecter une pr\u00e9paration rigoureuse du support. Cela comprend :<\/em><\/p>\n\n\n\n<ul class=\"wp-block-list\">\n<li><em>un pon\u00e7age m\u00e9canique pour ouvrir le support<\/em><\/li>\n\n\n\n<li><em>l\u2019application d\u2019un primaire d\u2019accrochage adapt\u00e9<\/em><\/li>\n\n\n\n<li><em>selon les cas, un traitement sp\u00e9cifique du support pour garantir une parfaite adh\u00e9rence<\/em><\/li>\n<\/ul>\n\n\n\n<p><em>Dans notre cas, nous utilisons notamment des syst\u00e8mes professionnels comme le primaire \u00e9poxy sabl\u00e9 (type EPX2), qui permet d\u2019assurer une excellente accroche sans n\u00e9cessiter syst\u00e9matiquement un ragr\u00e9age.<\/em><\/p>\n\n\n\n<p><em>Cette pr\u00e9paration est essentielle pour garantir une parfaite adh\u00e9rence et \u00e9viter tout risque de fissuration ou de d\u00e9collement dans le temps.<\/em><\/p>\n\n\n\n<h3 class=\"wp-block-heading\" style=\"font-size:30px;font-style:normal;font-weight:400;text-transform:none\"><br>Le b\u00e9ton cir\u00e9 est-il \u00e9tanche ? <\/h3>\n\n\n\t<p data-spectra-id=\"spectra-mn9zz2t2-me7any\" class=\"wp-block-spectra-content\">\n\t\t<em><strong>Non<\/strong>, le b\u00e9ton cir\u00e9 n\u2019est pas \u00e9tanche \u00e0 lui seul.<br>Il s\u2019agit d\u2019un rev\u00eatement hydrofuge, mais l\u2019\u00e9tanch\u00e9it\u00e9 d\u00e9pend avant tout du support et du syst\u00e8me mis en place en amont.<br><br><br>Pour une utilisation en pi\u00e8ce humide (salle de bain, douche), l\u2019\u00e9tanch\u00e9it\u00e9 doit \u00eatre assur\u00e9e par un syst\u00e8me adapt\u00e9 conforme aux r\u00e8gles en vigueur, comme un SPEC, un receveur de douche ou des panneaux techniques type Wedi.<br><br><br>Une mise en \u0153uvre professionnelle permet ensuite d\u2019obtenir un rev\u00eatement durable, r\u00e9sistant \u00e0 l\u2019eau et parfaitement adapt\u00e9 \u00e0 un usage quotidien.<\/em>\t<\/p>\n\n\n\n<h3 class=\"wp-block-heading\" style=\"font-size:30px;font-style:normal;font-weight:400;text-transform:none\"><br>Peut-on l\u2019utiliser dans une douche ?<\/h3>\n\n\n\n<p><em><strong>Oui<\/strong>, le b\u00e9ton cir\u00e9 peut \u00eatre utilis\u00e9 dans une douche, \u00e0 condition de respecter un syst\u00e8me complet et une mise en \u0153uvre rigoureuse.<\/em><\/p>\n\n\n\n<p><em>Le rev\u00eatement est hydrofuge, mais non \u00e9tanche \u00e0 lui seul.<\/em><\/p>\n\n\n\n<p><em>L\u2019\u00e9tanch\u00e9it\u00e9 doit \u00eatre assur\u00e9e par le support (panneaux Wedi, receveur adapt\u00e9, SPEC, pentes et siphon conformes).<\/em><\/p>\n\n\n\n<p><em>Une application professionnelle garantit un r\u00e9sultat durable, esth\u00e9tique et parfaitement adapt\u00e9 aux contraintes d\u2019une pi\u00e8ce humide.<\/em><\/p>\n\n\n\n<p><\/p>\n\n\n\n<p><\/p>\n\n\n\n<p><\/p>\n\n\n\n<p><\/p>\n\n\n\n<p><\/p>\n\n\n\n<p><\/p>\n\n\n\n<h2 class=\"wp-block-heading\" style=\"font-size:50px;font-style:normal;font-weight:400;text-transform:none\"><br>Nos r\u00e9alisations en b\u00e9ton cir\u00e9 \u00e0 Toulon<\/h2>\n\n\n\n<p>Nous r\u00e9alisons diff\u00e9rents types de projets en b\u00e9ton cir\u00e9 \u00e0 Toulon :<br><\/p>\n\n\n\n<p>-R\u00e9novation compl\u00e8te int\u00e9rieure<\/p>\n\n\n\n<p>-Salle de bain en b\u00e9ton cir\u00e9<\/p>\n\n\n\n<p>-Douche \u00e0 l\u2019italienne en b\u00e9ton cir\u00e9<\/p>\n\n\n\n<p>-Sols en b\u00e9ton cir\u00e9<\/p>\n\n<\/div>\n\n\n\n<p><\/p>\n\n\n\n<p><\/p>\n\n\n\n<p><\/p>\n\n\n\n<p><\/p>\n\n\n\n<p><\/p>\n\n<\/div>\n\n\n\n<figure class=\"wp-block-gallery has-nested-images columns-default is-cropped wp-block-gallery-1 is-layout-flex wp-block-gallery-is-layout-flex\">\n<figure data-spectra-id=\"spectra-mncrmp6o-fdoqiv\" class=\"wp-block-image size-large\"><img loading=\"lazy\" decoding=\"async\" width=\"1024\" height=\"768\" data-id=\"1964\" src=\"https:\/\/clavel-renovation.fr\/wp-content\/uploads\/2026\/03\/IMG_5402-1024x768.jpeg\" alt=\"pr\u00e9paration sol b\u00e9ton cir\u00e9 pon\u00e7age support r\u00e9novation int\u00e9rieur Toulon Var\" class=\"wp-image-1964\" title=\"Beton cir\u00e9 toulon\" srcset=\"https:\/\/clavel-renovation.fr\/wp-content\/uploads\/2026\/03\/IMG_5402-1024x768.jpeg 1024w, https:\/\/clavel-renovation.fr\/wp-content\/uploads\/2026\/03\/IMG_5402-300x225.jpeg 300w, https:\/\/clavel-renovation.fr\/wp-content\/uploads\/2026\/03\/IMG_5402-768x576.jpeg 768w, https:\/\/clavel-renovation.fr\/wp-content\/uploads\/2026\/03\/IMG_5402-1536x1152.jpeg 1536w, https:\/\/clavel-renovation.fr\/wp-content\/uploads\/2026\/03\/IMG_5402-2048x1536.jpeg 2048w\" sizes=\"auto, (max-width: 1024px) 100vw, 1024px\" \/><\/figure>\n\n\n\n<figure data-spectra-id=\"spectra-mncrmp6t-k7peez\" class=\"wp-block-image size-large\"><img loading=\"lazy\" decoding=\"async\" width=\"1024\" height=\"768\" data-id=\"1966\" src=\"https:\/\/clavel-renovation.fr\/wp-content\/uploads\/2026\/03\/IMG_5499-1024x768.jpeg\" alt=\"application beton cire au sol r\u00e9novation appartement Toulon Var\" class=\"wp-image-1966\" title=\"Beton cir\u00e9 toulon\" srcset=\"https:\/\/clavel-renovation.fr\/wp-content\/uploads\/2026\/03\/IMG_5499-1024x768.jpeg 1024w, https:\/\/clavel-renovation.fr\/wp-content\/uploads\/2026\/03\/IMG_5499-300x225.jpeg 300w, https:\/\/clavel-renovation.fr\/wp-content\/uploads\/2026\/03\/IMG_5499-768x576.jpeg 768w, https:\/\/clavel-renovation.fr\/wp-content\/uploads\/2026\/03\/IMG_5499-1536x1152.jpeg 1536w, https:\/\/clavel-renovation.fr\/wp-content\/uploads\/2026\/03\/IMG_5499-2048x1536.jpeg 2048w\" sizes=\"auto, (max-width: 1024px) 100vw, 1024px\" \/><\/figure>\n\n\n\n<figure data-spectra-id=\"spectra-mncrmp6z-2shj0j\" class=\"wp-block-image size-large\"><img loading=\"lazy\" decoding=\"async\" width=\"768\" height=\"1024\" data-id=\"1971\" src=\"https:\/\/clavel-renovation.fr\/wp-content\/uploads\/2026\/03\/IMG_5610-768x1024.jpeg\" alt=\"sol b\u00e9ton cir\u00e9 finition bicolore int\u00e9rieur r\u00e9novation moderne Toulon Var\" class=\"wp-image-1971\" title=\"Beton cir\u00e9 toulon\" srcset=\"https:\/\/clavel-renovation.fr\/wp-content\/uploads\/2026\/03\/IMG_5610-768x1024.jpeg 768w, https:\/\/clavel-renovation.fr\/wp-content\/uploads\/2026\/03\/IMG_5610-225x300.jpeg 225w, https:\/\/clavel-renovation.fr\/wp-content\/uploads\/2026\/03\/IMG_5610-1152x1536.jpeg 1152w, https:\/\/clavel-renovation.fr\/wp-content\/uploads\/2026\/03\/IMG_5610-1536x2048.jpeg 1536w, https:\/\/clavel-renovation.fr\/wp-content\/uploads\/2026\/03\/IMG_5610-scaled.jpeg 1920w\" sizes=\"auto, (max-width: 768px) 100vw, 768px\" \/><\/figure>\n\n\n\n<figure data-spectra-id=\"spectra-mncrmp75-2f477y\" class=\"wp-block-image size-large\"><img loading=\"lazy\" decoding=\"async\" width=\"768\" height=\"1024\" data-id=\"1972\" src=\"https:\/\/clavel-renovation.fr\/wp-content\/uploads\/2026\/03\/IMG_5658-1-768x1024.jpeg\" alt=\"b\u00e9ton cir\u00e9 au sol int\u00e9rieur pi\u00e8ce lumineuse r\u00e9novation haut de gamme Toulon Var\" class=\"wp-image-1972\" title=\"Beton cir\u00e9 toulon\" srcset=\"https:\/\/clavel-renovation.fr\/wp-content\/uploads\/2026\/03\/IMG_5658-1-768x1024.jpeg 768w, https:\/\/clavel-renovation.fr\/wp-content\/uploads\/2026\/03\/IMG_5658-1-225x300.jpeg 225w, https:\/\/clavel-renovation.fr\/wp-content\/uploads\/2026\/03\/IMG_5658-1-1152x1536.jpeg 1152w, https:\/\/clavel-renovation.fr\/wp-content\/uploads\/2026\/03\/IMG_5658-1-1536x2048.jpeg 1536w, https:\/\/clavel-renovation.fr\/wp-content\/uploads\/2026\/03\/IMG_5658-1-scaled.jpeg 1920w\" sizes=\"auto, (max-width: 768px) 100vw, 768px\" \/><\/figure>\n\n\n\n<figure data-spectra-id=\"spectra-mncrmp7b-kurpmv\" class=\"wp-block-image size-large\"><img loading=\"lazy\" decoding=\"async\" width=\"1024\" height=\"768\" data-id=\"1973\" src=\"https:\/\/clavel-renovation.fr\/wp-content\/uploads\/2026\/03\/IMG_5670-1024x768.jpeg\" alt=\"d\u00e9tail sol b\u00e9ton cir\u00e9 bicolore avec formes arrondies finition haut de gamme Toulon Var\" class=\"wp-image-1973\" title=\"Beton cir\u00e9 toulon\" srcset=\"https:\/\/clavel-renovation.fr\/wp-content\/uploads\/2026\/03\/IMG_5670-1024x768.jpeg 1024w, https:\/\/clavel-renovation.fr\/wp-content\/uploads\/2026\/03\/IMG_5670-300x225.jpeg 300w, https:\/\/clavel-renovation.fr\/wp-content\/uploads\/2026\/03\/IMG_5670-768x576.jpeg 768w, https:\/\/clavel-renovation.fr\/wp-content\/uploads\/2026\/03\/IMG_5670-1536x1152.jpeg 1536w, https:\/\/clavel-renovation.fr\/wp-content\/uploads\/2026\/03\/IMG_5670-2048x1536.jpeg 2048w\" sizes=\"auto, (max-width: 1024px) 100vw, 1024px\" \/><\/figure>\n\n\n\n<figure data-spectra-id=\"spectra-mncrmp7g-er46fg\" class=\"wp-block-image size-large\"><img loading=\"lazy\" decoding=\"async\" width=\"1024\" height=\"768\" data-id=\"1967\" src=\"https:\/\/clavel-renovation.fr\/wp-content\/uploads\/2026\/03\/IMG_5551-1-1024x768.jpeg\" alt=\"terrasse avec vue mer r\u00e9novation ext\u00e9rieur sol finition toulon Var\" class=\"wp-image-1967\" title=\"Beton cir\u00e9 toulon\" srcset=\"https:\/\/clavel-renovation.fr\/wp-content\/uploads\/2026\/03\/IMG_5551-1-1024x768.jpeg 1024w, https:\/\/clavel-renovation.fr\/wp-content\/uploads\/2026\/03\/IMG_5551-1-300x225.jpeg 300w, https:\/\/clavel-renovation.fr\/wp-content\/uploads\/2026\/03\/IMG_5551-1-768x576.jpeg 768w, https:\/\/clavel-renovation.fr\/wp-content\/uploads\/2026\/03\/IMG_5551-1-1536x1152.jpeg 1536w, https:\/\/clavel-renovation.fr\/wp-content\/uploads\/2026\/03\/IMG_5551-1-2048x1536.jpeg 2048w\" sizes=\"auto, (max-width: 1024px) 100vw, 1024px\" \/><\/figure>\n<\/figure>\n\n<\/div>\n\n\n<div data-spectra-id=\"961cf092\"\tstyle=\"overflow: visible; --spectra-background-color: #958b8166; --spectra-overlay-opacity: 1;\" class=\"spectra-is-root-container alignfull spectra-overlay-color spectra-overflow spectra-background-color spectra-dim-ratio wp-block-spectra-container\" data-orientation=\"vertical\"\t>\n\t\n<div data-spectra-id=\"spectra-294ac70b-root\" style=\"overflow: visible\" class=\"spectra-overlay-color spectra-overflow wp-block-spectra-container\" data-orientation=\"vertical\">\n\t\n\n<h2 class=\"wp-block-heading has-var-ast-global-color-5-color has-text-color\" style=\"margin-bottom:0;text-transform:none\"><br>Devis b\u00e9ton cir\u00e9 \u00e0 Toulon<\/h2>\n\n\n\n<p class=\"has-var-ast-global-color-5-color has-text-color\" style=\"margin-right:0;margin-left:0;padding-top:0;padding-right:0;padding-bottom:0;padding-left:0\">Vous avez un projet de b\u00e9ton cir\u00e9 \u00e0 Toulon ou dans les environs ?<br>Contactez Clavel R\u00e9novation pour un devis personnalis\u00e9 et des conseils adapt\u00e9s \u00e0 votre projet.<\/p>\n\n\n<div data-spectra-id=\"spectra-294ac70b-btns\" class=\"wp-block-button spectra-buttons wp-block-spectra-buttons\">\n\t\n<a data-spectra-id=\"spectra-mgap1cnw-tynoz4\" href=\"https:\/\/clavel-renovation.fr\/en\/contact\/\" target=\"_self\" aria-label=\"Demander un devis b\u00e9ton cir\u00e9\" class=\"wp-block-button__link wp-element-button wp-block-spectra-button\">\n<div class=\"spectra-button__link\">Demander un devis b\u00e9ton cir\u00e9<\/div><\/a>\n\n<\/div>\n\n<\/div>\n\n\n\n<p>Clavel R\u00e9novation intervient \u00e0 Toulon ainsi que dans les communes voisines :<\/p>\n\n\n\n<p>La Garde, La Valette-du-Var, Le Pradet, Six-Fours-les-Plages et Hy\u00e8res.<\/p>\n\n<\/div>\n\n\n\n<p><\/p>","protected":false},"excerpt":{"rendered":"","protected":false},"author":1,"featured_media":0,"parent":0,"menu_order":0,"comment_status":"closed","ping_status":"closed","template":"","meta":{"_uag_custom_page_level_css":"","site-sidebar-layout":"default","site-content-layout":"","ast-site-content-layout":"default","site-content-style":"default","site-sidebar-style":"default","ast-global-header-display":"","ast-banner-title-visibility":"","ast-main-header-display":"","ast-hfb-above-header-display":"","ast-hfb-below-header-display":"","ast-hfb-mobile-header-display":"","site-post-title":"","ast-breadcrumbs-content":"","ast-featured-img":"","footer-sml-layout":"","ast-disable-related-posts":"","theme-transparent-header-meta":"","adv-header-id-meta":"","stick-header-meta":"","header-above-stick-meta":"","header-main-stick-meta":"","header-below-stick-meta":"","astra-migrate-meta-layouts":"set","ast-page-background-enabled":"default","ast-page-background-meta":{"desktop":{"background-color":"","background-image":"","background-repeat":"repeat","background-position":"center center","background-size":"auto","background-attachment":"scroll","background-type":"","background-media":"","overlay-type":"","overlay-color":"","overlay-opacity":"","overlay-gradient":""},"tablet":{"background-color":"","background-image":"","background-repeat":"repeat","background-position":"center center","background-size":"auto","background-attachment":"scroll","background-type":"","background-media":"","overlay-type":"","overlay-color":"","overlay-opacity":"","overlay-gradient":""},"mobile":{"background-color":"","background-image":"","background-repeat":"repeat","background-position":"center center","background-size":"auto","background-attachment":"scroll","background-type":"","background-media":"","overlay-type":"","overlay-color":"","overlay-opacity":"","overlay-gradient":""}},"ast-content-background-meta":{"desktop":{"background-color":"var(--ast-global-color-5)","background-image":"","background-repeat":"repeat","background-position":"center center","background-size":"auto","background-attachment":"scroll","background-type":"","background-media":"","overlay-type":"","overlay-color":"","overlay-opacity":"","overlay-gradient":""},"tablet":{"background-color":"var(--ast-global-color-5)","background-image":"","background-repeat":"repeat","background-position":"center center","background-size":"auto","background-attachment":"scroll","background-type":"","background-media":"","overlay-type":"","overlay-color":"","overlay-opacity":"","overlay-gradient":""},"mobile":{"background-color":"var(--ast-global-color-5)","background-image":"","background-repeat":"repeat","background-position":"center center","background-size":"auto","background-attachment":"scroll","background-type":"","background-media":"","overlay-type":"","overlay-color":"","overlay-opacity":"","overlay-gradient":""}},"footnotes":""},"class_list":["post-1924","page","type-page","status-publish","hentry"],"uagb_featured_image_src":{"full":false,"thumbnail":false,"medium":false,"medium_large":false,"large":false,"1536x1536":false,"2048x2048":false,"trp-custom-language-flag":false},"uagb_author_info":{"display_name":"clavel_admin","author_link":"https:\/\/clavel-renovation.fr\/en\/author\/clavel_admin\/"},"uagb_comment_info":0,"uagb_excerpt":null,"_links":{"self":[{"href":"https:\/\/clavel-renovation.fr\/en\/wp-json\/wp\/v2\/pages\/1924","targetHints":{"allow":["GET"]}}],"collection":[{"href":"https:\/\/clavel-renovation.fr\/en\/wp-json\/wp\/v2\/pages"}],"about":[{"href":"https:\/\/clavel-renovation.fr\/en\/wp-json\/wp\/v2\/types\/page"}],"author":[{"embeddable":true,"href":"https:\/\/clavel-renovation.fr\/en\/wp-json\/wp\/v2\/users\/1"}],"replies":[{"embeddable":true,"href":"https:\/\/clavel-renovation.fr\/en\/wp-json\/wp\/v2\/comments?post=1924"}],"version-history":[{"count":16,"href":"https:\/\/clavel-renovation.fr\/en\/wp-json\/wp\/v2\/pages\/1924\/revisions"}],"predecessor-version":[{"id":1981,"href":"https:\/\/clavel-renovation.fr\/en\/wp-json\/wp\/v2\/pages\/1924\/revisions\/1981"}],"wp:attachment":[{"href":"https:\/\/clavel-renovation.fr\/en\/wp-json\/wp\/v2\/media?parent=1924"}],"curies":[{"name":"wp","href":"https:\/\/api.w.org\/{rel}","templated":true}]}}