{"id":3,"date":"2025-12-22T15:54:25","date_gmt":"2025-12-22T14:54:25","guid":{"rendered":"https:\/\/clavel-renovation.fr\/?page_id=3"},"modified":"2026-03-16T00:13:14","modified_gmt":"2026-03-15T23:13:14","slug":"politique-de-confidentialite","status":"publish","type":"page","link":"https:\/\/clavel-renovation.fr\/en\/politique-de-confidentialite\/","title":{"rendered":"Politique de confidentialit\u00e9"},"content":{"rendered":"<h2 class=\"wp-block-heading\">Qui sommes-nous ?<\/h2>\n\n\n\n<p>Le site&nbsp;Clavel R\u00e9novation&nbsp;est accessible \u00e0 l\u2019adresse :<\/p>\n\n\n\n<figure class=\"wp-block-embed is-type-wp-embed is-provider-contenu-embarqu wp-block-embed-contenu-embarqu\"><div class=\"wp-block-embed__wrapper\">\n<blockquote class=\"wp-embedded-content\" data-secret=\"TLoDlvJfkx\"><a href=\"https:\/\/clavel-renovation.fr\/en\/\">Home<\/a><\/blockquote><iframe loading=\"lazy\" class=\"wp-embedded-content\" sandbox=\"allow-scripts\" security=\"restricted\" style=\"position: absolute; visibility: hidden;\" title=\"\u00ab\u00a0Accueil\u00a0\u00bb &#8212; \" src=\"https:\/\/clavel-renovation.fr\/embed\/#?secret=VICNJYGP9h#?secret=TLoDlvJfkx\" data-secret=\"TLoDlvJfkx\" width=\"500\" height=\"282\" frameborder=\"0\" marginwidth=\"0\" marginheight=\"0\" scrolling=\"no\"><\/iframe>\n<\/div><\/figure>\n\n\n\n<p>Clavel R\u00e9novation est une entreprise artisanale sp\u00e9cialis\u00e9e dans le b\u00e9ton cir\u00e9 et la r\u00e9novation int\u00e9rieure dans le Var.<\/p>\n\n\n\n<hr class=\"wp-block-separator has-alpha-channel-opacity\"\/>\n\n\n\n<h1 class=\"wp-block-heading\">Collecte des donn\u00e9es personnelles<\/h1>\n\n\n\n<p>Certaines donn\u00e9es personnelles peuvent \u00eatre collect\u00e9es lorsque vous utilisez le formulaire de contact du site.<\/p>\n\n\n\n<p>Les informations susceptibles d\u2019\u00eatre collect\u00e9es sont :<\/p>\n\n\n\n<ul class=\"wp-block-list\">\n<li>Full Name<\/li>\n\n\n\n<li>Adresse e-mail<\/li>\n\n\n\n<li>Num\u00e9ro de t\u00e9l\u00e9phone<\/li>\n\n\n\n<li>Message envoy\u00e9 via le formulaire de contact<\/li>\n<\/ul>\n\n\n\n<p>Ces informations sont utilis\u00e9es uniquement afin de r\u00e9pondre \u00e0 votre demande et d\u2019\u00e9changer avec vous dans le cadre de votre projet de r\u00e9novation ou de b\u00e9ton cir\u00e9.<\/p>\n\n\n\n<p>Les donn\u00e9es ne sont&nbsp;jamais vendues ni transmises \u00e0 des tiers.<\/p>\n\n\n\n<hr class=\"wp-block-separator has-alpha-channel-opacity\"\/>\n\n\n\n<h1 class=\"wp-block-heading\">Commentaires<\/h1>\n\n\n\n<p>Lorsque les visiteurs laissent des commentaires sur le site (le cas \u00e9ch\u00e9ant), les donn\u00e9es inscrites dans le formulaire de commentaire, ainsi que l\u2019adresse IP et l\u2019agent utilisateur du navigateur peuvent \u00eatre collect\u00e9s afin d\u2019aider \u00e0 la d\u00e9tection des commentaires ind\u00e9sirables.<\/p>\n\n\n\n<p>Une cha\u00eene anonymis\u00e9e cr\u00e9\u00e9e \u00e0 partir de votre adresse e-mail peut \u00eatre envoy\u00e9e au service&nbsp;Gravatar&nbsp;afin de v\u00e9rifier si vous utilisez ce service.<\/p>\n\n\n\n<p>Les clauses de confidentialit\u00e9 de Gravatar sont disponibles ici :<\/p>\n\n\n\n<figure class=\"wp-block-embed is-type-wp-embed is-provider-automattic wp-block-embed-automattic\"><div class=\"wp-block-embed__wrapper\">\n<blockquote class=\"wp-embedded-content\" data-secret=\"0bYVDuTZAv\"><a href=\"https:\/\/automattic.com\/privacy\/\">Privacy\u00a0Policy<\/a><\/blockquote><iframe loading=\"lazy\" class=\"wp-embedded-content\" sandbox=\"allow-scripts\" security=\"restricted\" style=\"position: absolute; visibility: hidden;\" title=\"&#8220;Privacy\u00a0Policy&#8221; &#8212; Automattic\" src=\"https:\/\/automattic.com\/privacy\/embed\/#?secret=p5PJLDvzxr#?secret=0bYVDuTZAv\" data-secret=\"0bYVDuTZAv\" width=\"500\" height=\"282\" frameborder=\"0\" marginwidth=\"0\" marginheight=\"0\" scrolling=\"no\"><\/iframe>\n<\/div><\/figure>\n\n\n\n<p>Apr\u00e8s validation de votre commentaire, votre photo de profil peut \u00eatre visible publiquement \u00e0 c\u00f4t\u00e9 de votre commentaire.<\/p>\n\n\n\n<hr class=\"wp-block-separator has-alpha-channel-opacity\"\/>\n\n\n\n<h1 class=\"wp-block-heading\">M\u00e9dias<\/h1>\n\n\n\n<p>Si vous t\u00e9l\u00e9versez des images sur le site, il est conseill\u00e9 d\u2019\u00e9viter de t\u00e9l\u00e9verser des images contenant des donn\u00e9es EXIF incluant des coordonn\u00e9es GPS.<\/p>\n\n\n\n<p>Les visiteurs du site peuvent t\u00e9l\u00e9charger ces images et extraire des donn\u00e9es de localisation si elles sont pr\u00e9sentes.<\/p>\n\n\n\n<hr class=\"wp-block-separator has-alpha-channel-opacity\"\/>\n\n\n\n<h1 class=\"wp-block-heading\">Cookies<\/h1>\n\n\n\n<p>Le site peut utiliser des cookies afin d\u2019am\u00e9liorer l\u2019exp\u00e9rience utilisateur.<\/p>\n\n\n\n<p>Par exemple :<\/p>\n\n\n\n<ul class=\"wp-block-list\">\n<li>m\u00e9morisation des informations saisies dans un formulaire<\/li>\n\n\n\n<li>am\u00e9lioration de la navigation sur le site<\/li>\n<\/ul>\n\n\n\n<p>Si vous d\u00e9posez un commentaire sur le site, il peut vous \u00eatre propos\u00e9 d\u2019enregistrer votre nom, adresse e-mail et site dans des cookies. Ces cookies expirent au bout d\u2019un an.<\/p>\n\n\n\n<p>Si vous vous rendez sur la page de connexion (administration du site), un cookie temporaire peut \u00eatre cr\u00e9\u00e9 afin de v\u00e9rifier si votre navigateur accepte les cookies.<\/p>\n\n\n\n<p>Ces cookies ne contiennent pas de donn\u00e9es personnelles.<\/p>\n\n\n\n<hr class=\"wp-block-separator has-alpha-channel-opacity\"\/>\n\n\n\n<h1 class=\"wp-block-heading\">Contenu embarqu\u00e9 depuis d\u2019autres sites<\/h1>\n\n\n\n<p>Les pages de ce site peuvent inclure des contenus int\u00e9gr\u00e9s (par exemple des vid\u00e9os, images ou articles).<\/p>\n\n\n\n<p>Le contenu int\u00e9gr\u00e9 depuis d\u2019autres sites se comporte de la m\u00eame mani\u00e8re que si le visiteur se rendait directement sur ces sites.<\/p>\n\n\n\n<p>Ces sites peuvent collecter des donn\u00e9es sur vous, utiliser des cookies ou embarquer des outils de suivi tiers.<\/p>\n\n\n\n<hr class=\"wp-block-separator has-alpha-channel-opacity\"\/>\n\n\n\n<h1 class=\"wp-block-heading\">Dur\u00e9e de conservation des donn\u00e9es<\/h1>\n\n\n\n<p>Les informations transmises via le formulaire de contact sont conserv\u00e9es uniquement le temps n\u00e9cessaire au traitement de votre demande et aux \u00e9changes commerciaux \u00e9ventuels.<\/p>\n\n\n\n<p>Les commentaires et leurs m\u00e9tadonn\u00e9es peuvent \u00eatre conserv\u00e9s afin de faciliter la mod\u00e9ration des commentaires suivants.<\/p>\n\n\n\n<hr class=\"wp-block-separator has-alpha-channel-opacity\"\/>\n\n\n\n<h1 class=\"wp-block-heading\">Protection des donn\u00e9es<\/h1>\n\n\n\n<p>Clavel R\u00e9novation s\u2019engage \u00e0 assurer la s\u00e9curit\u00e9 et la confidentialit\u00e9 des donn\u00e9es personnelles collect\u00e9es via le site.<\/p>\n\n\n\n<p>Toutes les mesures raisonnables sont mises en \u0153uvre afin d\u2019\u00e9viter la perte, l\u2019alt\u00e9ration ou l\u2019acc\u00e8s non autoris\u00e9 \u00e0 ces donn\u00e9es.<\/p>\n\n\n\n<hr class=\"wp-block-separator has-alpha-channel-opacity\"\/>\n\n\n\n<h1 class=\"wp-block-heading\">Vos droits<\/h1>\n\n\n\n<p>Conform\u00e9ment au&nbsp;R\u00e8glement G\u00e9n\u00e9ral sur la Protection des Donn\u00e9es (RGPD), vous disposez des droits suivants :<\/p>\n\n\n\n<ul class=\"wp-block-list\">\n<li>droit d\u2019acc\u00e8s \u00e0 vos donn\u00e9es personnelles<\/li>\n\n\n\n<li>droit de rectification<\/li>\n\n\n\n<li>droit de suppression<\/li>\n\n\n\n<li>droit de limitation du traitement<\/li>\n<\/ul>\n\n\n\n<p>Pour exercer ces droits, vous pouvez contacter :<\/p>\n\n\n\n<p>Clavel R\u00e9novation<\/p>\n\n\n\n<p>Email : contact@clavel-renovation.fr<\/p>\n\n\n\n<p>T\u00e9l\u00e9phone : 06 85 96 97 88<\/p>\n\n\n\n<hr class=\"wp-block-separator has-alpha-channel-opacity\"\/>\n\n\n\n<h1 class=\"wp-block-heading\">H\u00e9bergement du site<\/h1>\n\n\n\n<p>Le site&nbsp;clavel-renovation.fr&nbsp;est h\u00e9berg\u00e9 par :<\/p>\n\n\n\n<p>O2Switch<\/p>\n\n\n\n<p>222 Boulevard Gustave Flaubert<\/p>\n\n\n\n<p>63000 Clermont-Ferrand<\/p>\n\n\n\n<p>France<\/p>\n\n\n\n<figure class=\"wp-block-embed\"><div class=\"wp-block-embed__wrapper\">\nhttps:\/\/www.o2switch.fr\n<\/div><\/figure>\n\n\n\n<p><\/p>","protected":false},"excerpt":{"rendered":"<p>Qui sommes-nous ? Le site&nbsp;Clavel R\u00e9novation&nbsp;est accessible \u00e0 l\u2019adresse : Clavel R\u00e9novation est une entreprise artisanale sp\u00e9cialis\u00e9e dans le b\u00e9ton cir\u00e9 et la r\u00e9novation int\u00e9rieure dans le Var. Collecte des donn\u00e9es personnelles Certaines donn\u00e9es personnelles peuvent \u00eatre collect\u00e9es lorsque vous utilisez le formulaire de contact du site. Les informations susceptibles d\u2019\u00eatre collect\u00e9es sont : Ces [&hellip;]<\/p>\n","protected":false},"author":1,"featured_media":0,"parent":0,"menu_order":0,"comment_status":"closed","ping_status":"open","template":"","meta":{"_uag_custom_page_level_css":"","site-sidebar-layout":"default","site-content-layout":"","ast-site-content-layout":"default","site-content-style":"default","site-sidebar-style":"default","ast-global-header-display":"","ast-banner-title-visibility":"","ast-main-header-display":"","ast-hfb-above-header-display":"","ast-hfb-below-header-display":"","ast-hfb-mobile-header-display":"","site-post-title":"","ast-breadcrumbs-content":"","ast-featured-img":"","footer-sml-layout":"","ast-disable-related-posts":"","theme-transparent-header-meta":"","adv-header-id-meta":"","stick-header-meta":"","header-above-stick-meta":"","header-main-stick-meta":"","header-below-stick-meta":"","astra-migrate-meta-layouts":"set","ast-page-background-enabled":"default","ast-page-background-meta":{"desktop":{"background-color":"","background-image":"","background-repeat":"repeat","background-position":"center center","background-size":"auto","background-attachment":"scroll","background-type":"","background-media":"","overlay-type":"","overlay-color":"","overlay-opacity":"","overlay-gradient":""},"tablet":{"background-color":"","background-image":"","background-repeat":"repeat","background-position":"center center","background-size":"auto","background-attachment":"scroll","background-type":"","background-media":"","overlay-type":"","overlay-color":"","overlay-opacity":"","overlay-gradient":""},"mobile":{"background-color":"","background-image":"","background-repeat":"repeat","background-position":"center center","background-size":"auto","background-attachment":"scroll","background-type":"","background-media":"","overlay-type":"","overlay-color":"","overlay-opacity":"","overlay-gradient":""}},"ast-content-background-meta":{"desktop":{"background-color":"var(--ast-global-color-5)","background-image":"","background-repeat":"repeat","background-position":"center center","background-size":"auto","background-attachment":"scroll","background-type":"","background-media":"","overlay-type":"","overlay-color":"","overlay-opacity":"","overlay-gradient":""},"tablet":{"background-color":"var(--ast-global-color-5)","background-image":"","background-repeat":"repeat","background-position":"center center","background-size":"auto","background-attachment":"scroll","background-type":"","background-media":"","overlay-type":"","overlay-color":"","overlay-opacity":"","overlay-gradient":""},"mobile":{"background-color":"var(--ast-global-color-5)","background-image":"","background-repeat":"repeat","background-position":"center center","background-size":"auto","background-attachment":"scroll","background-type":"","background-media":"","overlay-type":"","overlay-color":"","overlay-opacity":"","overlay-gradient":""}},"footnotes":""},"class_list":["post-3","page","type-page","status-publish","hentry"],"uagb_featured_image_src":{"full":false,"thumbnail":false,"medium":false,"medium_large":false,"large":false,"1536x1536":false,"2048x2048":false,"trp-custom-language-flag":false},"uagb_author_info":{"display_name":"clavel_admin","author_link":"https:\/\/clavel-renovation.fr\/en\/author\/clavel_admin\/"},"uagb_comment_info":0,"uagb_excerpt":"Qui sommes-nous ? Le site&nbsp;Clavel R\u00e9novation&nbsp;est accessible \u00e0 l\u2019adresse : Clavel R\u00e9novation est une entreprise artisanale sp\u00e9cialis\u00e9e dans le b\u00e9ton cir\u00e9 et la r\u00e9novation int\u00e9rieure dans le Var. Collecte des donn\u00e9es personnelles Certaines donn\u00e9es personnelles peuvent \u00eatre collect\u00e9es lorsque vous utilisez le formulaire de contact du site. Les informations susceptibles d\u2019\u00eatre collect\u00e9es sont : Ces&hellip;","_links":{"self":[{"href":"https:\/\/clavel-renovation.fr\/en\/wp-json\/wp\/v2\/pages\/3","targetHints":{"allow":["GET"]}}],"collection":[{"href":"https:\/\/clavel-renovation.fr\/en\/wp-json\/wp\/v2\/pages"}],"about":[{"href":"https:\/\/clavel-renovation.fr\/en\/wp-json\/wp\/v2\/types\/page"}],"author":[{"embeddable":true,"href":"https:\/\/clavel-renovation.fr\/en\/wp-json\/wp\/v2\/users\/1"}],"replies":[{"embeddable":true,"href":"https:\/\/clavel-renovation.fr\/en\/wp-json\/wp\/v2\/comments?post=3"}],"version-history":[{"count":1,"href":"https:\/\/clavel-renovation.fr\/en\/wp-json\/wp\/v2\/pages\/3\/revisions"}],"predecessor-version":[{"id":1753,"href":"https:\/\/clavel-renovation.fr\/en\/wp-json\/wp\/v2\/pages\/3\/revisions\/1753"}],"wp:attachment":[{"href":"https:\/\/clavel-renovation.fr\/en\/wp-json\/wp\/v2\/media?parent=3"}],"curies":[{"name":"wp","href":"https:\/\/api.w.org\/{rel}","templated":true}]}}