{"id":407,"date":"2025-12-22T22:43:16","date_gmt":"2025-12-22T21:43:16","guid":{"rendered":"https:\/\/clavel-renovation.fr\/about\/"},"modified":"2026-04-04T08:21:21","modified_gmt":"2026-04-04T06:21:21","slug":"a-propos","status":"publish","type":"page","link":"https:\/\/clavel-renovation.fr\/en\/a-propos\/","title":{"rendered":"About"},"content":{"rendered":"<div data-spectra-id=\"spectra-4fbe7206\"\tstyle=\"overflow: visible; --spectra-text-color: ast-global-color-5; --spectra-background-color: var(--ast-global-color-7); --spectra-overlay-opacity: 0.5;\" class=\"spectra-is-root-container alignfull spectra-overlay-color spectra-overflow spectra-text-color spectra-background-color spectra-dim-ratio  wp-elements-e28902b68ab41f38d35078b8f7a09f7b wp-block-spectra-container has-text-color has-ast-global-color-5-color\" data-orientation=\"vertical\"\t>\n\t\n\n<h1 class=\"wp-block-heading\">About<\/h1>\n\n<\/div>\n\n\n<div data-spectra-id=\"edfb1f2b\"\tstyle=\"overflow: visible;\" class=\"spectra-is-root-container alignfull spectra-overlay-color spectra-overflow wp-block-spectra-container\" data-orientation=\"vertical\"\t>\n\t\n<div data-spectra-id=\"spectra-mgdope1y-jeg08f\" style=\"overflow: visible\" class=\"spectra-overlay-color is-vertical-desktop is-horizontal-tablet is-vertical-mobile spectra-overflow wp-block-spectra-container\" data-orientation=\"vertical\">\n\t\n<div data-spectra-id=\"89332f7e\" style=\"overflow: visible\" class=\"spectra-overlay-color spectra-overflow wp-block-spectra-container\" data-orientation=\"vertical\">\n\t\n<div data-spectra-id=\"838f086b\" style=\"overflow: visible\" class=\"spectra-overlay-color spectra-overflow wp-block-spectra-container\" data-orientation=\"vertical\">\n\t\n\n<p class=\"has-default-font-family\" style=\"font-family:Default;font-style:normal;font-weight:100\">en quelques mots<\/p>\n\n\n<div data-spectra-id=\"spectra-mgah37c0-jq06il\" style=\"display: flex;justify-content: flex-start\" class=\"wp-block-spectra-separator spectra-separator-color wp-block-spectra-separator\">\n\t<div class=\"spectra-separator-line\" style=\"margin-right: auto;background-color: var(--ast-global-color-0)\"><\/div>\n<\/div>\n\n\n\n<h2 class=\"wp-block-heading has-cardo-font-family\" style=\"font-size:40px;text-transform:none\">L&rsquo;exigence de l&rsquo;artisanat,                 la force d&rsquo;un grand fabricant.<\/h2>\n\n<\/div>\n\n\n\n<p>Clavel R\u00e9novation est une entreprise artisanale sp\u00e9cialis\u00e9e dans la r\u00e9novation int\u00e9rieure et l\u2019application de b\u00e9ton cir\u00e9 d&rsquo;exception dans le Var. Depuis 2011, j&rsquo;accompagne les particuliers dans la cr\u00e9ation d&rsquo;espaces de vie o\u00f9 l&rsquo;esth\u00e9tique rencontre la durabilit\u00e9.<\/p>\n\n\n\n<h2 class=\"wp-block-heading has-cardo-font-family\" style=\"font-size:40px;text-transform:none\">Un partenaire de confiance : Marius Aurenti<\/h2>\n\n\n\n<p class=\"has-var-ast-global-color-0-color has-text-color\" style=\"padding-top:50px;padding-bottom:50px;padding-left:30px\">Pour vous offrir le meilleur, j&rsquo;ai choisi de devenir <strong>applicateur agr\u00e9\u00e9 Marius Aurenti<\/strong>, pionnier mondial du b\u00e9ton cir\u00e9 millim\u00e9trique.<\/p>\n\n\n\n<ul class=\"wp-block-list\">\n<li><strong>Garantie exclusive :<\/strong> Gr\u00e2ce \u00e0 la haute technicit\u00e9 des produits utilis\u00e9s, ils offrent une <strong>garantie anti-fissure de 15 ans<\/strong> sur leurs b\u00e9tons cir\u00e9s.<\/li>\n\n\n\n<li><strong>Qualit\u00e9 certifi\u00e9e :<\/strong> Chaque projet b\u00e9n\u00e9ficie de mat\u00e9riaux nobles, r\u00e9sistants et d&rsquo;une finesse in\u00e9gal\u00e9e pour un rendu parfaitement lisse et moderne.<\/li>\n<\/ul>\n\n<\/div>\n\n\n\n<figure data-spectra-id=\"spectra-mn6k2kvf-y6mk6h\" class=\"wp-block-image size-large has-custom-border is-style-rounded\"><img loading=\"lazy\" decoding=\"async\" width=\"683\" height=\"1024\" src=\"https:\/\/clavel-renovation.fr\/wp-content\/uploads\/2025\/12\/ARMAND-CLAVEL-_3-683x1024.jpg\" alt=\"Armand Clavel, artisan fondateur.\" class=\"wp-image-1564\" title=\"About\" srcset=\"https:\/\/clavel-renovation.fr\/wp-content\/uploads\/2025\/12\/ARMAND-CLAVEL-_3-683x1024.jpg 683w, https:\/\/clavel-renovation.fr\/wp-content\/uploads\/2025\/12\/ARMAND-CLAVEL-_3-200x300.jpg 200w, https:\/\/clavel-renovation.fr\/wp-content\/uploads\/2025\/12\/ARMAND-CLAVEL-_3-768x1152.jpg 768w, https:\/\/clavel-renovation.fr\/wp-content\/uploads\/2025\/12\/ARMAND-CLAVEL-_3-1024x1536.jpg 1024w, https:\/\/clavel-renovation.fr\/wp-content\/uploads\/2025\/12\/ARMAND-CLAVEL-_3-1365x2048.jpg 1365w, https:\/\/clavel-renovation.fr\/wp-content\/uploads\/2025\/12\/ARMAND-CLAVEL-_3-scaled.jpg 1707w\" sizes=\"auto, (max-width: 683px) 100vw, 683px\" \/><\/figure>\n\n<\/div>\n\n<\/div>\n\n\n<div data-spectra-id=\"spectra-05710409-299a-41a3-9f88-31d66b871c24\"\tstyle=\"overflow: visible;\" class=\"spectra-is-root-container alignfull spectra-overlay-color spectra-overflow wp-block-spectra-container\" data-orientation=\"vertical\"\t>\n\t\n<div data-spectra-id=\"spectra-29908978-0ff9-43a6-bd07-2d881180bd46\" style=\"overflow: visible\" class=\"spectra-overlay-color spectra-overflow wp-block-spectra-container\" data-orientation=\"vertical\">\n\t\n\n<figure data-spectra-id=\"spectra-mmseo0zw-kziwtv\" class=\"wp-block-image size-large has-custom-border\" style=\"margin-top:0;margin-bottom:0\"><img loading=\"lazy\" decoding=\"async\" width=\"768\" height=\"1024\" src=\"https:\/\/clavel-renovation.fr\/wp-content\/uploads\/2026\/03\/IMG_7963-768x1024.jpg\" alt=\"Armand Clavel, artisan fondateur de Clavel R\u00e9novation.\" class=\"wp-image-1940\" title=\"About\" srcset=\"https:\/\/clavel-renovation.fr\/wp-content\/uploads\/2026\/03\/IMG_7963-768x1024.jpg 768w, https:\/\/clavel-renovation.fr\/wp-content\/uploads\/2026\/03\/IMG_7963-225x300.jpg 225w, https:\/\/clavel-renovation.fr\/wp-content\/uploads\/2026\/03\/IMG_7963-1152x1536.jpg 1152w, https:\/\/clavel-renovation.fr\/wp-content\/uploads\/2026\/03\/IMG_7963-1536x2048.jpg 1536w, https:\/\/clavel-renovation.fr\/wp-content\/uploads\/2026\/03\/IMG_7963-scaled.jpg 1920w\" sizes=\"auto, (max-width: 768px) 100vw, 768px\" \/><\/figure>\n\n\n<div data-spectra-id=\"spectra-5bb745da-ef48-463a-96fa-778b238d0852\" style=\"overflow: visible\" class=\"spectra-overlay-color spectra-overflow wp-block-spectra-container\" data-orientation=\"vertical\">\n\t\n<div data-spectra-id=\"spectra-422f6418-7f0d-44b1-bff1-3d25828fa789\" style=\"overflow: visible\" class=\"spectra-overlay-color spectra-overflow wp-block-spectra-container\" data-orientation=\"vertical\">\n\t\n<div data-spectra-id=\"spectra-fc08e2fc-8011-431c-9eb4-a0ae90749b61\" style=\"display: flex;justify-content: flex-start\" class=\"wp-block-spectra-separator spectra-separator-color wp-block-spectra-separator\">\n\t<div class=\"spectra-separator-line\" style=\"margin-right: auto;background-color: var(--ast-global-color-0)\"><\/div>\n<\/div>\n\n\n\n<h2 class=\"wp-block-heading has-x-large-font-size\" style=\"margin-right:0;margin-left:0;padding-right:0;padding-left:0;text-transform:none\">Notre engagement : Pr\u00e9cision et Durabilit\u00e9<\/h2>\n\n<\/div>\n\n\n\n<p class=\"has-var-ast-global-color-0-color has-text-color\" style=\"padding-top:30px;padding-bottom:30px;padding-left:50px\">Qu&rsquo;il s&rsquo;agisse d&rsquo;une salle de bain, d&rsquo;une douche italienne ou d&rsquo;un sol complet, chaque r\u00e9alisation est pens\u00e9e sur mesure pour s\u2019adapter \u00e0 votre int\u00e9rieur.<\/p>\n\n\n\n<ul class=\"wp-block-list\">\n<li><strong>Travail soign\u00e9 :<\/strong>\u00a0Une attention particuli\u00e8re est port\u00e9e \u00e0 la pr\u00e9paration des supports, \u00e9tape invisible mais cruciale pour la tenue du b\u00e9ton.<\/li>\n\n\n\n<li><strong>Accompagnement :<\/strong>\u00a0De la conception \u00e0 la finition, vous b\u00e9n\u00e9ficiez d&rsquo;un interlocuteur unique d\u00e9di\u00e9 \u00e0 l&rsquo;excellence de votre projet.<\/li>\n<\/ul>\n\n<\/div>\n\n<\/div>\n\n<\/div>\n\n\n<div data-spectra-id=\"961cf092\"\tstyle=\"overflow: visible; --spectra-background-color: #958b8166; --spectra-overlay-opacity: 1;\" class=\"spectra-is-root-container alignfull spectra-overlay-color spectra-overflow spectra-background-color spectra-dim-ratio wp-block-spectra-container\" data-orientation=\"vertical\"\t>\n\t\n<div data-spectra-id=\"spectra-294ac70b-root\" style=\"overflow: visible\" class=\"spectra-overlay-color spectra-overflow wp-block-spectra-container\" data-orientation=\"vertical\">\n\t\n\n<p class=\"has-var-ast-global-color-0-color has-text-color\">contact<\/p>\n\n\n\n<h2 class=\"wp-block-heading has-var-ast-global-color-5-color has-text-color\" style=\"margin-bottom:0;text-transform:none\">Vous avez un projet de b\u00e9ton cir\u00e9 ou de r\u00e9novation int\u00e9rieure dans le Var ?<\/h2>\n\n\n\n<p class=\"has-var-ast-global-color-5-color has-text-color\"><br>Clavel R\u00e9novation vous accompagne dans la conception et la r\u00e9alisation de votre projet, avec un travail soign\u00e9 et des finitions haut de gamme.<\/p>\n\n\n<div data-spectra-id=\"spectra-294ac70b-btns\" class=\"wp-block-button spectra-buttons wp-block-spectra-buttons\">\n\t\n<a data-spectra-id=\"spectra-mgap1cnw-tynoz4\" href=\"https:\/\/clavel-renovation.fr\/en\/contact\/\" target=\"_self\" aria-label=\"Contactez Clavel R\u00e9novation\" class=\"wp-block-button__link wp-element-button wp-block-spectra-button\">\n<div class=\"spectra-button__link\">Contactez Clavel R\u00e9novation<\/div><\/a>\n\n<\/div>\n\n<\/div>\n\n<\/div>","protected":false},"excerpt":{"rendered":"","protected":false},"author":1,"featured_media":0,"parent":0,"menu_order":0,"comment_status":"closed","ping_status":"closed","template":"","meta":{"_uag_custom_page_level_css":"","site-sidebar-layout":"default","site-content-layout":"page-builder","ast-site-content-layout":"full-width-container","site-content-style":"unboxed","site-sidebar-style":"unboxed","ast-global-header-display":"","ast-banner-title-visibility":"","ast-main-header-display":"","ast-hfb-above-header-display":"","ast-hfb-below-header-display":"","ast-hfb-mobile-header-display":"","site-post-title":"disabled","ast-breadcrumbs-content":"","ast-featured-img":"","footer-sml-layout":"","ast-disable-related-posts":"","theme-transparent-header-meta":"enabled","adv-header-id-meta":"","stick-header-meta":"","header-above-stick-meta":"","header-main-stick-meta":"","header-below-stick-meta":"","astra-migrate-meta-layouts":"set","ast-page-background-enabled":"default","ast-page-background-meta":{"desktop":{"background-color":"","background-image":"","background-repeat":"repeat","background-position":"center center","background-size":"auto","background-attachment":"scroll","background-type":"","background-media":"","overlay-type":"","overlay-color":"","overlay-opacity":"","overlay-gradient":""},"tablet":{"background-color":"","background-image":"","background-repeat":"repeat","background-position":"center center","background-size":"auto","background-attachment":"scroll","background-type":"","background-media":"","overlay-type":"","overlay-color":"","overlay-opacity":"","overlay-gradient":""},"mobile":{"background-color":"","background-image":"","background-repeat":"repeat","background-position":"center center","background-size":"auto","background-attachment":"scroll","background-type":"","background-media":"","overlay-type":"","overlay-color":"","overlay-opacity":"","overlay-gradient":""}},"ast-content-background-meta":{"desktop":{"background-color":"var(--ast-global-color-5)","background-image":"","background-repeat":"repeat","background-position":"center center","background-size":"auto","background-attachment":"scroll","background-type":"","background-media":"","overlay-type":"","overlay-color":"","overlay-opacity":"","overlay-gradient":""},"tablet":{"background-color":"var(--ast-global-color-5)","background-image":"","background-repeat":"repeat","background-position":"center center","background-size":"auto","background-attachment":"scroll","background-type":"","background-media":"","overlay-type":"","overlay-color":"","overlay-opacity":"","overlay-gradient":""},"mobile":{"background-color":"var(--ast-global-color-5)","background-image":"","background-repeat":"repeat","background-position":"center center","background-size":"auto","background-attachment":"scroll","background-type":"","background-media":"","overlay-type":"","overlay-color":"","overlay-opacity":"","overlay-gradient":""}},"footnotes":""},"class_list":["post-407","page","type-page","status-publish","hentry"],"uagb_featured_image_src":{"full":false,"thumbnail":false,"medium":false,"medium_large":false,"large":false,"1536x1536":false,"2048x2048":false,"trp-custom-language-flag":false},"uagb_author_info":{"display_name":"clavel_admin","author_link":"https:\/\/clavel-renovation.fr\/en\/author\/clavel_admin\/"},"uagb_comment_info":0,"uagb_excerpt":null,"_links":{"self":[{"href":"https:\/\/clavel-renovation.fr\/en\/wp-json\/wp\/v2\/pages\/407","targetHints":{"allow":["GET"]}}],"collection":[{"href":"https:\/\/clavel-renovation.fr\/en\/wp-json\/wp\/v2\/pages"}],"about":[{"href":"https:\/\/clavel-renovation.fr\/en\/wp-json\/wp\/v2\/types\/page"}],"author":[{"embeddable":true,"href":"https:\/\/clavel-renovation.fr\/en\/wp-json\/wp\/v2\/users\/1"}],"replies":[{"embeddable":true,"href":"https:\/\/clavel-renovation.fr\/en\/wp-json\/wp\/v2\/comments?post=407"}],"version-history":[{"count":24,"href":"https:\/\/clavel-renovation.fr\/en\/wp-json\/wp\/v2\/pages\/407\/revisions"}],"predecessor-version":[{"id":2001,"href":"https:\/\/clavel-renovation.fr\/en\/wp-json\/wp\/v2\/pages\/407\/revisions\/2001"}],"wp:attachment":[{"href":"https:\/\/clavel-renovation.fr\/en\/wp-json\/wp\/v2\/media?parent=407"}],"curies":[{"name":"wp","href":"https:\/\/api.w.org\/{rel}","templated":true}]}}