{"id":409,"date":"2025-12-22T22:43:18","date_gmt":"2025-12-22T21:43:18","guid":{"rendered":"https:\/\/clavel-renovation.fr\/projects\/"},"modified":"2026-04-27T07:08:33","modified_gmt":"2026-04-27T05:08:33","slug":"realisations","status":"publish","type":"page","link":"https:\/\/clavel-renovation.fr\/en\/realisations\/","title":{"rendered":"Our Work"},"content":{"rendered":"<div data-spectra-id=\"spectra-4fbe7206\"\tstyle=\"overflow: visible; --spectra-text-color: ast-global-color-5; --spectra-background-color: var(--ast-global-color-7); --spectra-overlay-opacity: 0.5;\" class=\"spectra-is-root-container alignfull spectra-overlay-color spectra-overflow spectra-text-color spectra-background-color spectra-dim-ratio  wp-elements-743f16cdf7e90ada9c64637e603b2723 wp-block-spectra-container has-text-color has-ast-global-color-5-color\" data-orientation=\"vertical\"\t>\n\t\n\n<h1 class=\"wp-block-heading\" style=\"text-transform:none\">Nos r\u00e9alisations en b\u00e9ton cir\u00e9 dans le Var (83)<\/h1>\n\n<\/div>\n\n\n<div data-spectra-id=\"e4b2222d\"\tstyle=\"overflow: visible;\" class=\"spectra-is-root-container alignfull spectra-overlay-color spectra-overflow wp-block-spectra-container\" data-orientation=\"vertical\"\t>\n\t\n<div data-spectra-id=\"spectra-mgeiqew4-lirwt2\" style=\"overflow: visible\" class=\"spectra-overlay-color spectra-overflow wp-block-spectra-container\" data-orientation=\"vertical\">\n\t\n<div data-spectra-id=\"spectra-mgah37c0-jq06il\" style=\"display: flex;justify-content: flex-start\" class=\"wp-block-spectra-separator spectra-separator-color wp-block-spectra-separator\">\n\t<div class=\"spectra-separator-line\" style=\"margin-right: auto;background-color: var(--ast-global-color-0)\"><\/div>\n<\/div>\n\n\n\n<h2 class=\"wp-block-heading\" style=\"margin-bottom:20px;text-transform:none\">Un savoir-faire artisanal \u00e0 votre service<\/h2>\n\n\n\n<blockquote class=\"wp-block-quote is-layout-flow wp-block-quote-is-layout-flow\">\n<p>D\u00e9couvrez quelques r\u00e9alisations de b\u00e9ton cir\u00e9 et de r\u00e9novation int\u00e9rieure r\u00e9alis\u00e9es par Clavel R\u00e9novation dans le Var : salles de bain, douches, sols et plans vasques.<\/p>\n<\/blockquote>\n\n\n<div data-spectra-id=\"spectra-042216ef-37cf-4bef-ad9c-a4fe72fa54b7\" style=\"overflow: visible\" class=\"spectra-overlay-color spectra-overflow wp-block-spectra-container\" data-orientation=\"vertical\">\n\t\n<div data-spectra-id=\"spectra-mgelk27v-8comqy\" style=\"overflow: visible\" class=\"spectra-overlay-color spectra-overflow wp-block-spectra-container\" data-orientation=\"vertical\">\n\t\n\n<figure data-spectra-id=\"spectra-mgelkhpl-n6zrfi\" class=\"wp-block-image size-full\" style=\"margin-top:0;margin-right:0;margin-bottom:0;margin-left:0\"><img loading=\"lazy\" decoding=\"async\" width=\"1707\" height=\"2560\" src=\"https:\/\/clavel-renovation.fr\/wp-content\/uploads\/2026\/03\/beton-cire-salle-douche-hyeres-scaled.jpg\" alt=\"Douche en b\u00e9ton cir\u00e9 beige avec robinetterie noire r\u00e9alis\u00e9e \u00e0 Toulon par Clavel R\u00e9novation.\" class=\"wp-image-1629\" title=\"Our Work\" srcset=\"https:\/\/clavel-renovation.fr\/wp-content\/uploads\/2026\/03\/beton-cire-salle-douche-hyeres-scaled.jpg 1707w, https:\/\/clavel-renovation.fr\/wp-content\/uploads\/2026\/03\/beton-cire-salle-douche-hyeres-200x300.jpg 200w, https:\/\/clavel-renovation.fr\/wp-content\/uploads\/2026\/03\/beton-cire-salle-douche-hyeres-683x1024.jpg 683w, https:\/\/clavel-renovation.fr\/wp-content\/uploads\/2026\/03\/beton-cire-salle-douche-hyeres-768x1152.jpg 768w, https:\/\/clavel-renovation.fr\/wp-content\/uploads\/2026\/03\/beton-cire-salle-douche-hyeres-1024x1536.jpg 1024w, https:\/\/clavel-renovation.fr\/wp-content\/uploads\/2026\/03\/beton-cire-salle-douche-hyeres-1365x2048.jpg 1365w\" sizes=\"auto, (max-width: 1707px) 100vw, 1707px\" \/><\/figure>\n\n\n\t<p data-spectra-id=\"spectra-mgelmr2g-dx4o1b\" style=\"--spectra-text-color: ast-global-color-5;--spectra-background-color: ast-global-color-1\" class=\"has-background has-text-color has-link-color spectra-text-color spectra-background-color wp-elements-0649c3e2a6e87d7263eb6acbaed1ecd5 wp-block-spectra-content has-text-color has-ast-global-color-5-color has-background has-ast-global-color-1-background-color\">\n\t\tDouche en b\u00e9ton cir\u00e9 \t<\/p>\n\n<\/div>\n\n\n<div data-spectra-id=\"spectra-382ea6dc-1a4a-40be-97b0-4f65c61cb2cf\" style=\"overflow: visible\" class=\"spectra-overlay-color spectra-overflow wp-block-spectra-container\" data-orientation=\"vertical\">\n\t\n\n<figure data-spectra-id=\"spectra-f5059d64-6013-4d08-85ec-99387cc63aa8\" class=\"wp-block-image size-full\" style=\"margin-top:0;margin-right:0;margin-bottom:0;margin-left:0\"><img loading=\"lazy\" decoding=\"async\" width=\"2560\" height=\"1707\" src=\"https:\/\/clavel-renovation.fr\/wp-content\/uploads\/2026\/03\/beton-cire-salle-de-bain-toulon-scaled.jpg\" alt=\"Salle de bain en b\u00e9ton cir\u00e9 avec vasque bleue et miroir arrondi design \u00e0 Hy\u00e8res par Clavel R\u00e9novation.\" class=\"wp-image-1628\" title=\"Our Work\" srcset=\"https:\/\/clavel-renovation.fr\/wp-content\/uploads\/2026\/03\/beton-cire-salle-de-bain-toulon-scaled.jpg 2560w, https:\/\/clavel-renovation.fr\/wp-content\/uploads\/2026\/03\/beton-cire-salle-de-bain-toulon-300x200.jpg 300w, https:\/\/clavel-renovation.fr\/wp-content\/uploads\/2026\/03\/beton-cire-salle-de-bain-toulon-1024x683.jpg 1024w, https:\/\/clavel-renovation.fr\/wp-content\/uploads\/2026\/03\/beton-cire-salle-de-bain-toulon-768x512.jpg 768w, https:\/\/clavel-renovation.fr\/wp-content\/uploads\/2026\/03\/beton-cire-salle-de-bain-toulon-1536x1024.jpg 1536w, https:\/\/clavel-renovation.fr\/wp-content\/uploads\/2026\/03\/beton-cire-salle-de-bain-toulon-2048x1365.jpg 2048w\" sizes=\"auto, (max-width: 2560px) 100vw, 2560px\" \/><\/figure>\n\n\n\t<p data-spectra-id=\"spectra-36c8c030-fcfe-4a1f-b753-a76bfa7f572d\" style=\"--spectra-text-color: ast-global-color-5;--spectra-background-color: ast-global-color-1\" class=\"has-background has-text-color has-link-color spectra-text-color spectra-background-color wp-elements-c3849a054b85ccc6a93292c3b440887e wp-block-spectra-content has-text-color has-ast-global-color-5-color has-background has-ast-global-color-1-background-color\">\n\t\tMicrocement Bathrooms \t<\/p>\n\n<\/div>\n\n\n<div data-spectra-id=\"spectra-61b9d1b1-797c-4190-9920-2950f262a175\" style=\"overflow: visible\" class=\"spectra-overlay-color spectra-overflow wp-block-spectra-container\" data-orientation=\"vertical\">\n\t\n\n<figure data-spectra-id=\"spectra-48908e4e-b8bb-4d77-939d-377a8bd1fa68\" class=\"wp-block-image size-full\" style=\"margin-top:0;margin-right:0;margin-bottom:0;margin-left:0\"><img loading=\"lazy\" decoding=\"async\" width=\"1920\" height=\"2560\" src=\"https:\/\/clavel-renovation.fr\/wp-content\/uploads\/2026\/03\/IMG_3072-scaled.jpeg\" alt=\"Meuble TV sur mesure en b\u00e9ton cir\u00e9 avec rangements int\u00e9gr\u00e9s, mise en oeuvre \u00e0 La Garde par Clavel R\u00e9novation.\" class=\"wp-image-1627\" title=\"Our Work\" srcset=\"https:\/\/clavel-renovation.fr\/wp-content\/uploads\/2026\/03\/IMG_3072-scaled.jpeg 1920w, https:\/\/clavel-renovation.fr\/wp-content\/uploads\/2026\/03\/IMG_3072-225x300.jpeg 225w, https:\/\/clavel-renovation.fr\/wp-content\/uploads\/2026\/03\/IMG_3072-768x1024.jpeg 768w, https:\/\/clavel-renovation.fr\/wp-content\/uploads\/2026\/03\/IMG_3072-1152x1536.jpeg 1152w, https:\/\/clavel-renovation.fr\/wp-content\/uploads\/2026\/03\/IMG_3072-1536x2048.jpeg 1536w\" sizes=\"auto, (max-width: 1920px) 100vw, 1920px\" \/><\/figure>\n\n\n\t<p data-spectra-id=\"spectra-933590d6-b136-455c-8145-4e38dae709a1\" style=\"--spectra-text-color: ast-global-color-5;--spectra-background-color: ast-global-color-1\" class=\"has-background has-text-color has-link-color spectra-text-color spectra-background-color wp-elements-1d6784341c733551ca664ba43be1dd43 wp-block-spectra-content has-text-color has-ast-global-color-5-color has-background has-ast-global-color-1-background-color\">\n\t\tMeuble TV sur mesure en b\u00e9ton cir\u00e9\t<\/p>\n\n<\/div>\n\n\n<div data-spectra-id=\"spectra-5fd312c8-eb5b-4cfe-9fc3-bfc966282aa3\" style=\"overflow: visible\" class=\"spectra-overlay-color spectra-overflow wp-block-spectra-container\" data-orientation=\"vertical\">\n\t\n\n<figure data-spectra-id=\"spectra-7f165d60-5e8c-41fb-9884-e2bf04684308\" class=\"wp-block-image size-full\" style=\"margin-top:0;margin-right:0;margin-bottom:0;margin-left:0\"><img loading=\"lazy\" decoding=\"async\" width=\"1920\" height=\"2560\" src=\"https:\/\/clavel-renovation.fr\/wp-content\/uploads\/2026\/03\/IMG_3062-scaled.jpeg\" alt=\"Plan vasque en b\u00e9ton cir\u00e9 int\u00e9gr\u00e9 avec robinet noir salle de bain moderne, La Valette-du-var, Clavel R\u00e9novation.\" class=\"wp-image-1626\" title=\"Our Work\" srcset=\"https:\/\/clavel-renovation.fr\/wp-content\/uploads\/2026\/03\/IMG_3062-scaled.jpeg 1920w, https:\/\/clavel-renovation.fr\/wp-content\/uploads\/2026\/03\/IMG_3062-225x300.jpeg 225w, https:\/\/clavel-renovation.fr\/wp-content\/uploads\/2026\/03\/IMG_3062-768x1024.jpeg 768w, https:\/\/clavel-renovation.fr\/wp-content\/uploads\/2026\/03\/IMG_3062-1152x1536.jpeg 1152w, https:\/\/clavel-renovation.fr\/wp-content\/uploads\/2026\/03\/IMG_3062-1536x2048.jpeg 1536w\" sizes=\"auto, (max-width: 1920px) 100vw, 1920px\" \/><\/figure>\n\n\n\t<p data-spectra-id=\"spectra-77c3ab39-e490-4ae8-a467-923918299ee8\" style=\"--spectra-text-color: ast-global-color-5;--spectra-background-color: ast-global-color-1\" class=\"has-background has-text-color has-link-color spectra-text-color spectra-background-color wp-elements-13658451562bac7f4041aea3c27495e6 wp-block-spectra-content has-text-color has-ast-global-color-5-color has-background has-ast-global-color-1-background-color\">\n\t\tPlan vasque en b\u00e9ton cir\u00e9 int\u00e9gr\u00e9\t<\/p>\n\n<\/div>\n\n\n<div data-spectra-id=\"spectra-d9eb918f-235a-4ab7-9440-9a7e743df58e\" style=\"overflow: visible\" class=\"spectra-overlay-color spectra-overflow wp-block-spectra-container\" data-orientation=\"vertical\">\n\t\n\n<figure data-spectra-id=\"spectra-53936d6c-95aa-41ae-a8a8-a5bbe79691e8\" class=\"wp-block-image size-full\" style=\"margin-top:0;margin-right:0;margin-bottom:0;margin-left:0\"><img loading=\"lazy\" decoding=\"async\" width=\"1920\" height=\"2560\" src=\"https:\/\/clavel-renovation.fr\/wp-content\/uploads\/2025\/12\/IMG_4523-scaled.jpeg\" alt=\"Escalier int\u00e9rieur en b\u00e9ton cir\u00e9 gris finition moderne \u00e0 Carqueiranne par Clavel R\u00e9novation.\" class=\"wp-image-1597\" title=\"Our Work\" srcset=\"https:\/\/clavel-renovation.fr\/wp-content\/uploads\/2025\/12\/IMG_4523-scaled.jpeg 1920w, https:\/\/clavel-renovation.fr\/wp-content\/uploads\/2025\/12\/IMG_4523-225x300.jpeg 225w, https:\/\/clavel-renovation.fr\/wp-content\/uploads\/2025\/12\/IMG_4523-768x1024.jpeg 768w, https:\/\/clavel-renovation.fr\/wp-content\/uploads\/2025\/12\/IMG_4523-1152x1536.jpeg 1152w, https:\/\/clavel-renovation.fr\/wp-content\/uploads\/2025\/12\/IMG_4523-1536x2048.jpeg 1536w\" sizes=\"auto, (max-width: 1920px) 100vw, 1920px\" \/><\/figure>\n\n\n\t<p data-spectra-id=\"spectra-9722ebb6-10e4-4d2a-9b82-00970519b1e2\" style=\"--spectra-text-color: ast-global-color-5;--spectra-background-color: ast-global-color-1\" class=\"has-background has-text-color has-link-color spectra-text-color spectra-background-color wp-elements-eed395ee9002a08c5a7ebf6879f945a6 wp-block-spectra-content has-text-color has-ast-global-color-5-color has-background has-ast-global-color-1-background-color\">\n\t\tEscalier en b\u00e9ton cir\u00e9\t<\/p>\n\n<\/div>\n\n\n<div data-spectra-id=\"spectra-fa15b15b-dffe-4268-9452-ae71d82f9bc5\" style=\"overflow: visible\" class=\"spectra-overlay-color spectra-overflow wp-block-spectra-container\" data-orientation=\"vertical\">\n\t\n\n<figure data-spectra-id=\"spectra-2c0d869c-44de-443c-a551-4bd1fda1c390\" class=\"wp-block-image size-full\" style=\"margin-top:0;margin-right:0;margin-bottom:0;margin-left:0\"><a href=\"https:\/\/clavel-renovation.fr\/en\/beton-cire-hyeres\/\"><img loading=\"lazy\" decoding=\"async\" width=\"2048\" height=\"1366\" src=\"https:\/\/clavel-renovation.fr\/wp-content\/uploads\/2026\/03\/6bd97e93-4b69-4a24-8c39-89c0ab7f8a7b.jpg\" alt=\"Douche \u00e0 l\u2019italienne en b\u00e9ton cir\u00e9 avec niches d\u00e9coratives, projet livr\u00e9 \u00e0 Giens par Clavel R\u00e9novation.\" class=\"wp-image-1632\" title=\"Our Work\" srcset=\"https:\/\/clavel-renovation.fr\/wp-content\/uploads\/2026\/03\/6bd97e93-4b69-4a24-8c39-89c0ab7f8a7b.jpg 2048w, https:\/\/clavel-renovation.fr\/wp-content\/uploads\/2026\/03\/6bd97e93-4b69-4a24-8c39-89c0ab7f8a7b-300x200.jpg 300w, https:\/\/clavel-renovation.fr\/wp-content\/uploads\/2026\/03\/6bd97e93-4b69-4a24-8c39-89c0ab7f8a7b-1024x683.jpg 1024w, https:\/\/clavel-renovation.fr\/wp-content\/uploads\/2026\/03\/6bd97e93-4b69-4a24-8c39-89c0ab7f8a7b-768x512.jpg 768w, https:\/\/clavel-renovation.fr\/wp-content\/uploads\/2026\/03\/6bd97e93-4b69-4a24-8c39-89c0ab7f8a7b-1536x1025.jpg 1536w\" sizes=\"auto, (max-width: 2048px) 100vw, 2048px\" \/><\/a><\/figure>\n\n\n\t<p data-spectra-id=\"spectra-77ffd671-b972-4405-9859-a8d539c63714\" style=\"--spectra-text-color: ast-global-color-5;--spectra-background-color: ast-global-color-1\" class=\"has-background has-text-color has-link-color spectra-text-color spectra-background-color wp-elements-c50c65bde18e4fb030a613e0bfca3d61 wp-block-spectra-content has-text-color has-ast-global-color-5-color has-background has-ast-global-color-1-background-color\">\n\t\tDouche \u00e0 l\u2019italienne en b\u00e9ton cir\u00e9 \u2013 Giens\t<\/p>\n\n<\/div>\n\n\n<div data-spectra-id=\"spectra-250eb5f1-4895-40da-8535-3e85558b20b9\" style=\"overflow: visible\" class=\"spectra-overlay-color spectra-overflow wp-block-spectra-container\" data-orientation=\"vertical\">\n\t\n\n<figure data-spectra-id=\"spectra-3da9abea-8c7a-403a-a665-b7823f9e5f18\" class=\"wp-block-image size-full\" style=\"margin-top:0;margin-right:0;margin-bottom:0;margin-left:0\"><a href=\"https:\/\/clavel-renovation.fr\/en\/beton-cire-hyeres\/\"><img loading=\"lazy\" decoding=\"async\" width=\"1366\" height=\"2048\" src=\"https:\/\/clavel-renovation.fr\/wp-content\/uploads\/2026\/03\/56851fbe-70a4-402e-8b4a-7e118a37eb21.jpg\" alt=\"Douche type hammam en b\u00e9ton cir\u00e9 avec niches et \u00e9clairage LED r\u00e9alis\u00e9e au Pradet par Clavel R\u00e9novation.\" class=\"wp-image-1633\" title=\"Our Work\" srcset=\"https:\/\/clavel-renovation.fr\/wp-content\/uploads\/2026\/03\/56851fbe-70a4-402e-8b4a-7e118a37eb21.jpg 1366w, https:\/\/clavel-renovation.fr\/wp-content\/uploads\/2026\/03\/56851fbe-70a4-402e-8b4a-7e118a37eb21-200x300.jpg 200w, https:\/\/clavel-renovation.fr\/wp-content\/uploads\/2026\/03\/56851fbe-70a4-402e-8b4a-7e118a37eb21-683x1024.jpg 683w, https:\/\/clavel-renovation.fr\/wp-content\/uploads\/2026\/03\/56851fbe-70a4-402e-8b4a-7e118a37eb21-768x1151.jpg 768w, https:\/\/clavel-renovation.fr\/wp-content\/uploads\/2026\/03\/56851fbe-70a4-402e-8b4a-7e118a37eb21-1025x1536.jpg 1025w\" sizes=\"auto, (max-width: 1366px) 100vw, 1366px\" \/><\/a><\/figure>\n\n\n\t<p data-spectra-id=\"spectra-198190b3-278b-4ea8-a4ef-27293c3b14ce\" style=\"--spectra-text-color: ast-global-color-5;--spectra-background-color: ast-global-color-1\" class=\"has-background has-text-color has-link-color spectra-text-color spectra-background-color wp-elements-1ed19fc48850ec5d5abfac5f2cb3275f wp-block-spectra-content has-text-color has-ast-global-color-5-color has-background has-ast-global-color-1-background-color\">\n\t\tDouche hammam avec niches d\u00e9coratives\t<\/p>\n\n<\/div>\n\n\n<div data-spectra-id=\"spectra-5199955b-8bbc-471c-bf7b-7aebca3ccf4f\" style=\"overflow: visible\" class=\"spectra-overlay-color spectra-overflow wp-block-spectra-container\" data-orientation=\"vertical\">\n\t\n\n<figure data-spectra-id=\"spectra-20c0b261-6b90-41cd-8de6-259585dbabde\" class=\"wp-block-image size-full\" style=\"margin-top:0;margin-right:0;margin-bottom:0;margin-left:0\"><img loading=\"lazy\" decoding=\"async\" width=\"2560\" height=\"1920\" src=\"https:\/\/clavel-renovation.fr\/wp-content\/uploads\/2026\/03\/IMG_5551-scaled.jpeg\" alt=\"Terrasse ext\u00e9rieure en b\u00e9ton cir\u00e9 avec vue mer r\u00e9alis\u00e9 \u00e0 Bandol par Clavel R\u00e9novation.\" class=\"wp-image-1635\" title=\"Our Work\" srcset=\"https:\/\/clavel-renovation.fr\/wp-content\/uploads\/2026\/03\/IMG_5551-scaled.jpeg 2560w, https:\/\/clavel-renovation.fr\/wp-content\/uploads\/2026\/03\/IMG_5551-300x225.jpeg 300w, https:\/\/clavel-renovation.fr\/wp-content\/uploads\/2026\/03\/IMG_5551-1024x768.jpeg 1024w, https:\/\/clavel-renovation.fr\/wp-content\/uploads\/2026\/03\/IMG_5551-768x576.jpeg 768w, https:\/\/clavel-renovation.fr\/wp-content\/uploads\/2026\/03\/IMG_5551-1536x1152.jpeg 1536w, https:\/\/clavel-renovation.fr\/wp-content\/uploads\/2026\/03\/IMG_5551-2048x1536.jpeg 2048w\" sizes=\"auto, (max-width: 2560px) 100vw, 2560px\" \/><\/figure>\n\n\n\t<p data-spectra-id=\"spectra-b0d5ff7c-1016-4640-877c-8ae313f520f8\" style=\"--spectra-text-color: ast-global-color-5;--spectra-background-color: ast-global-color-1\" class=\"has-background has-text-color has-link-color spectra-text-color spectra-background-color wp-elements-14d4630148de3fefdded6c7b342ee736 wp-block-spectra-content has-text-color has-ast-global-color-5-color has-background has-ast-global-color-1-background-color\">\n\t\tTerrasse ext\u00e9rieure en b\u00e9ton cir\u00e9\t<\/p>\n\n<\/div>\n\n\n<div data-spectra-id=\"spectra-5087f1fb-e6f9-45f7-baf8-d8cbc390009d\" style=\"overflow: visible\" class=\"spectra-overlay-color spectra-overflow wp-block-spectra-container\" data-orientation=\"vertical\">\n\t\n\n<figure data-spectra-id=\"spectra-a33cf857-cd08-4503-86b0-88d6aa1e7674\" class=\"wp-block-image size-full\" style=\"margin-top:0;margin-right:0;margin-bottom:0;margin-left:0\"><img loading=\"lazy\" decoding=\"async\" width=\"1920\" height=\"2560\" src=\"https:\/\/clavel-renovation.fr\/wp-content\/uploads\/2026\/03\/IMG_5658-scaled.jpeg\" alt=\"Sol int\u00e9rieur en b\u00e9ton cir\u00e9 finition lisse dans une maison r\u00e9nov\u00e9e \u00e0 Sanary-sur-mer par Clavel R\u00e9novation.\" class=\"wp-image-1637\" title=\"Our Work\" srcset=\"https:\/\/clavel-renovation.fr\/wp-content\/uploads\/2026\/03\/IMG_5658-scaled.jpeg 1920w, https:\/\/clavel-renovation.fr\/wp-content\/uploads\/2026\/03\/IMG_5658-225x300.jpeg 225w, https:\/\/clavel-renovation.fr\/wp-content\/uploads\/2026\/03\/IMG_5658-768x1024.jpeg 768w, https:\/\/clavel-renovation.fr\/wp-content\/uploads\/2026\/03\/IMG_5658-1152x1536.jpeg 1152w, https:\/\/clavel-renovation.fr\/wp-content\/uploads\/2026\/03\/IMG_5658-1536x2048.jpeg 1536w\" sizes=\"auto, (max-width: 1920px) 100vw, 1920px\" \/><\/figure>\n\n\n\t<p data-spectra-id=\"spectra-0b7a95f1-426c-42a7-9366-839c30e5cbf7\" style=\"--spectra-text-color: ast-global-color-5;--spectra-background-color: ast-global-color-1\" class=\"has-background has-text-color has-link-color spectra-text-color spectra-background-color wp-elements-640e7cd747858e7c0a606be832a5b06c wp-block-spectra-content has-text-color has-ast-global-color-5-color has-background has-ast-global-color-1-background-color\">\n\t\tSol int\u00e9rieur en b\u00e9ton cir\u00e9\t<\/p>\n\n<\/div>\n\n<\/div>\n\n<\/div>\n\n\n<div data-spectra-id=\"spectra-mn46t1j2-gbllk7\" class=\"wp-block-button spectra-buttons alignwide wp-block-spectra-buttons\">\n\t\n<a data-spectra-id=\"spectra-mn46t1kh-9irpqo\" href=\"https:\/\/clavel-renovation.fr\/en\/beton-cire\/\" target=\"_self\" aria-label=\"Voir les chantiers en d\u00e9tail\" class=\"wp-block-button__link wp-element-button wp-block-spectra-button\">\n<div class=\"spectra-button__link\">Voir les chantiers en d\u00e9tail<\/div><\/a>\n\n<\/div>\n\n<\/div>","protected":false},"excerpt":{"rendered":"","protected":false},"author":1,"featured_media":0,"parent":0,"menu_order":0,"comment_status":"closed","ping_status":"closed","template":"","meta":{"_uag_custom_page_level_css":"","site-sidebar-layout":"default","site-content-layout":"page-builder","ast-site-content-layout":"full-width-container","site-content-style":"unboxed","site-sidebar-style":"unboxed","ast-global-header-display":"","ast-banner-title-visibility":"","ast-main-header-display":"","ast-hfb-above-header-display":"","ast-hfb-below-header-display":"","ast-hfb-mobile-header-display":"","site-post-title":"disabled","ast-breadcrumbs-content":"","ast-featured-img":"","footer-sml-layout":"","ast-disable-related-posts":"","theme-transparent-header-meta":"enabled","adv-header-id-meta":"","stick-header-meta":"","header-above-stick-meta":"","header-main-stick-meta":"","header-below-stick-meta":"","astra-migrate-meta-layouts":"set","ast-page-background-enabled":"default","ast-page-background-meta":{"desktop":{"background-color":"","background-image":"","background-repeat":"repeat","background-position":"center center","background-size":"auto","background-attachment":"scroll","background-type":"","background-media":"","overlay-type":"","overlay-color":"","overlay-opacity":"","overlay-gradient":""},"tablet":{"background-color":"","background-image":"","background-repeat":"repeat","background-position":"center center","background-size":"auto","background-attachment":"scroll","background-type":"","background-media":"","overlay-type":"","overlay-color":"","overlay-opacity":"","overlay-gradient":""},"mobile":{"background-color":"","background-image":"","background-repeat":"repeat","background-position":"center center","background-size":"auto","background-attachment":"scroll","background-type":"","background-media":"","overlay-type":"","overlay-color":"","overlay-opacity":"","overlay-gradient":""}},"ast-content-background-meta":{"desktop":{"background-color":"var(--ast-global-color-5)","background-image":"","background-repeat":"repeat","background-position":"center center","background-size":"auto","background-attachment":"scroll","background-type":"","background-media":"","overlay-type":"","overlay-color":"","overlay-opacity":"","overlay-gradient":""},"tablet":{"background-color":"var(--ast-global-color-5)","background-image":"","background-repeat":"repeat","background-position":"center center","background-size":"auto","background-attachment":"scroll","background-type":"","background-media":"","overlay-type":"","overlay-color":"","overlay-opacity":"","overlay-gradient":""},"mobile":{"background-color":"var(--ast-global-color-5)","background-image":"","background-repeat":"repeat","background-position":"center center","background-size":"auto","background-attachment":"scroll","background-type":"","background-media":"","overlay-type":"","overlay-color":"","overlay-opacity":"","overlay-gradient":""}},"footnotes":""},"class_list":["post-409","page","type-page","status-publish","hentry"],"uagb_featured_image_src":{"full":false,"thumbnail":false,"medium":false,"medium_large":false,"large":false,"1536x1536":false,"2048x2048":false,"trp-custom-language-flag":false},"uagb_author_info":{"display_name":"clavel_admin","author_link":"https:\/\/clavel-renovation.fr\/en\/author\/clavel_admin\/"},"uagb_comment_info":0,"uagb_excerpt":null,"_links":{"self":[{"href":"https:\/\/clavel-renovation.fr\/en\/wp-json\/wp\/v2\/pages\/409","targetHints":{"allow":["GET"]}}],"collection":[{"href":"https:\/\/clavel-renovation.fr\/en\/wp-json\/wp\/v2\/pages"}],"about":[{"href":"https:\/\/clavel-renovation.fr\/en\/wp-json\/wp\/v2\/types\/page"}],"author":[{"embeddable":true,"href":"https:\/\/clavel-renovation.fr\/en\/wp-json\/wp\/v2\/users\/1"}],"replies":[{"embeddable":true,"href":"https:\/\/clavel-renovation.fr\/en\/wp-json\/wp\/v2\/comments?post=409"}],"version-history":[{"count":24,"href":"https:\/\/clavel-renovation.fr\/en\/wp-json\/wp\/v2\/pages\/409\/revisions"}],"predecessor-version":[{"id":2139,"href":"https:\/\/clavel-renovation.fr\/en\/wp-json\/wp\/v2\/pages\/409\/revisions\/2139"}],"wp:attachment":[{"href":"https:\/\/clavel-renovation.fr\/en\/wp-json\/wp\/v2\/media?parent=409"}],"curies":[{"name":"wp","href":"https:\/\/api.w.org\/{rel}","templated":true}]}}